{"id":241320,"date":"2021-06-23T22:22:18","date_gmt":"2021-06-23T20:22:18","guid":{"rendered":"https:\/\/www.errebi-italy.com\/politique-relative-aux-cookies\/"},"modified":"2021-06-28T18:58:22","modified_gmt":"2021-06-28T16:58:22","slug":"politique-relative-aux-cookies","status":"publish","type":"page","link":"https:\/\/www.errebi-italy.com\/fr\/politique-relative-aux-cookies\/","title":{"rendered":"Politique relative aux cookies"},"content":{"rendered":"<p>[et_pb_section fb_built=\u00a0\u00bb1&Prime; _builder_version=\u00a0\u00bb3.22&Prime;][et_pb_row _builder_version=\u00a0\u00bb3.25&Prime; background_size=\u00a0\u00bbinitial\u00a0\u00bb background_position=\u00a0\u00bbtop_left\u00a0\u00bb background_repeat=\u00a0\u00bbrepeat\u00a0\u00bb][et_pb_column type=\u00a0\u00bb4_4&Prime; _builder_version=\u00a0\u00bb3.25&Prime; custom_padding=\u00a0\u00bb|||\u00a0\u00bb custom_padding__hover=\u00a0\u00bb|||\u00a0\u00bb][et_pb_text _builder_version=\u00a0\u00bb4.9.7&Prime; background_size=\u00a0\u00bbinitial\u00a0\u00bb background_position=\u00a0\u00bbtop_left\u00a0\u00bb background_repeat=\u00a0\u00bbrepeat\u00a0\u00bb hover_enabled=\u00a0\u00bb0&Prime; sticky_enabled=\u00a0\u00bb0&Prime;]<\/p>\n<div class=\"cli_pg_page_contaner\">\n<h3>\u00c0 propos de cette politique de cookies<\/h3>\n<div>\n<p>Cette politique en mati\u00e8re de cookies explique ce que sont les cookies et comment nous les utilisons, les types de cookies que nous utilisons, c&rsquo;est-\u00e0-dire les informations que nous collectons \u00e0 l&rsquo;aide de cookies et comment ces informations sont utilis\u00e9es, et comment contr\u00f4ler les pr\u00e9f\u00e9rences en mati\u00e8re de cookies. Pour plus d&rsquo;informations sur la fa\u00e7on dont nous utilisons, stockons et prot\u00e9geons vos donn\u00e9es personnelles, consultez notre Politique de confidentialit\u00e9.<\/p>\n<p>Vous pouvez \u00e0 tout moment modifier ou retirer votre consentement de la d\u00e9claration relative aux cookies sur notre site Web<br \/>En savoir plus sur qui nous sommes, comment vous pouvez nous contacter et comment nous traitons les donn\u00e9es personnelles dans notre politique de confidentialit\u00e9.<br \/>Votre consentement s&rsquo;applique aux domaines suivants : www.errebi-italy.com<br \/><strong><div class=\"cli_user_consent_state\">Votre \u00e9tat actuel\u00a0: Aucun consentement donn\u00e9. <a class=\"cli_manage_current_consent\" style=\"cursor:pointer;text-decoration:underline;\">G\u00e9rez votre consentement.<\/a> <\/div><\/strong><\/p>\n<p>&nbsp;<\/p>\n<\/div>\n<h3>Que sont les cookies ?<\/h3>\n<div>\n<p>Les cookies sont de petits fichiers texte qui sont utilis\u00e9s pour stocker de petites informations. Ils sont stock\u00e9s sur votre appareil lorsque le site Web est charg\u00e9 sur votre navigateur. Ces cookies nous aident \u00e0 faire fonctionner correctement le site Web, \u00e0 le rendre plus s\u00fbr, \u00e0 offrir une meilleure exp\u00e9rience utilisateur, \u00e0 comprendre les performances du site Web et \u00e0 analyser ce qui fonctionne et les points \u00e0 am\u00e9liorer.<\/p>\n<p>&nbsp;<\/p>\n<\/div>\n<h3>Comment utilisons-nous les cookies ?<\/h3>\n<div>\n<p>Comme la plupart des services en ligne, notre site Web utilise des cookies propri\u00e9taires et tiers \u00e0 plusieurs fins. Les cookies internes sont principalement n\u00e9cessaires au bon fonctionnement du site Web et ils ne collectent aucune de vos donn\u00e9es personnellement identifiables.<\/p>\n<p>&nbsp;<\/p>\n<p>Les cookies tiers utilis\u00e9s sur notre site Web servent principalement \u00e0 comprendre le fonctionnement du site Web, la fa\u00e7on dont vous interagissez avec notre site Web, la s\u00e9curit\u00e9 de nos services, la fourniture de publicit\u00e9s pertinentes pour vous et, dans l&rsquo;ensemble, un meilleur utilisateur. exp\u00e9rience et aider \u00e0 acc\u00e9l\u00e9rer vos futures interactions avec notre site Web.<\/p>\n<p>&nbsp;<\/p>\n<\/div>\n<h3>Quels types de cookies utilisons-nous ?<\/h3>\n<div>\n<p><strong>Essentiel<\/strong>: Certains cookies sont essentiels pour que vous puissiez profiter de toutes les fonctionnalit\u00e9s de notre site. Ils nous permettent de maintenir les sessions utilisateur et de pr\u00e9venir toute menace de s\u00e9curit\u00e9. Ils ne collectent ni ne stockent aucune information personnelle. Par exemple, ces cookies vous permettent de vous connecter \u00e0 votre compte et d&rsquo;ajouter des produits \u00e0 votre panier, et de passer \u00e0 la caisse en toute s\u00e9curit\u00e9.<\/p>\n<p><strong>Statistiques<\/strong>: ces cookies stockent des informations telles que le nombre de visiteurs sur le site Web, le nombre de visiteurs uniques, les pages du site Web qui ont \u00e9t\u00e9 visit\u00e9es, la source de la visite, etc. Ces donn\u00e9es nous aident \u00e0 comprendre et \u00e0 analyser les performances du site Web. et o\u00f9 il a besoin d&rsquo;\u00eatre am\u00e9lior\u00e9.<\/p>\n<p><strong>Marketing<\/strong>: Notre site Web affiche des publicit\u00e9s. Ces cookies sont utilis\u00e9s pour personnaliser les publicit\u00e9s que nous vous montrons afin qu&rsquo;elles soient significatives pour vous. Ces cookies nous aident \u00e9galement \u00e0 suivre l&rsquo;efficacit\u00e9 de ces campagnes publicitaires.<br \/>Les informations stock\u00e9es dans ces cookies peuvent \u00e9galement \u00eatre utilis\u00e9es par les fournisseurs de publicit\u00e9 tiers pour vous montrer des publicit\u00e9s sur d&rsquo;autres sites Web sur le navigateur \u00e9galement.<\/p>\n<p><strong>Fonctionnel<\/strong>: Il s&rsquo;agit des cookies qui aident certaines fonctionnalit\u00e9s non essentielles de notre site Web. Ces fonctionnalit\u00e9s incluent l&rsquo;int\u00e9gration de contenu comme des vid\u00e9os ou le partage de contenu du site Web sur les plateformes de m\u00e9dias sociaux.<\/p>\n<p><strong>Pr\u00e9f\u00e9rences<\/strong>: ces cookies nous aident \u00e0 stocker vos param\u00e8tres et pr\u00e9f\u00e9rences de navigation, comme les pr\u00e9f\u00e9rences de langue, afin que vous ayez une exp\u00e9rience meilleure et efficace lors de vos futures visites sur le site Web.<\/p>\n<p>L&#039;elenco seguente descrive in dettaglio i cookie utilizzati nel nostro sito Web.  <\/p><table class=\"cookielawinfo-row-cat-table cookielawinfo-classic\"><thead><tr><th class=\"cookielawinfo-column-1\">Cookie<\/th><th class=\"cookielawinfo-column-3\">Dur\u00e9e<\/th><th class=\"cookielawinfo-column-4\">Description<\/th><\/tr><\/thead><tbody><tr class=\"cookielawinfo-row\"><td class=\"cookielawinfo-column-1\">_ga<\/td><td class=\"cookielawinfo-column-3\">2 years<\/td><td class=\"cookielawinfo-column-4\">The _ga cookie, installed by Google Analytics, calculates visitor, session and campaign data and also keeps track of site usage for the site's analytics report. The cookie stores information anonymously and assigns a randomly generated number to recognize unique visitors.<\/td><\/tr><tr class=\"cookielawinfo-row\"><td class=\"cookielawinfo-column-1\">_ga_DKY30X8HHQ<\/td><td class=\"cookielawinfo-column-3\">2 years<\/td><td class=\"cookielawinfo-column-4\">This cookie is installed by Google Analytics.<\/td><\/tr><tr class=\"cookielawinfo-row\"><td class=\"cookielawinfo-column-1\">CONSENT<\/td><td class=\"cookielawinfo-column-3\">2 years<\/td><td class=\"cookielawinfo-column-4\">YouTube sets this cookie via embedded youtube-videos and registers anonymous statistical data.<\/td><\/tr><tr class=\"cookielawinfo-row\"><td class=\"cookielawinfo-column-1\">cookielawinfo-checkbox-altro<\/td><td class=\"cookielawinfo-column-3\">1 year<\/td><td class=\"cookielawinfo-column-4\">No description<\/td><\/tr><tr class=\"cookielawinfo-row\"><td class=\"cookielawinfo-column-1\">cookielawinfo-checkbox-analisi<\/td><td class=\"cookielawinfo-column-3\">1 year<\/td><td class=\"cookielawinfo-column-4\">No description<\/td><\/tr><tr class=\"cookielawinfo-row\"><td class=\"cookielawinfo-column-1\">cookielawinfo-checkbox-funzionali<\/td><td class=\"cookielawinfo-column-3\">1 year<\/td><td class=\"cookielawinfo-column-4\">No description<\/td><\/tr><tr class=\"cookielawinfo-row\"><td class=\"cookielawinfo-column-1\">cookielawinfo-checkbox-necessari<\/td><td class=\"cookielawinfo-column-3\">1 year<\/td><td class=\"cookielawinfo-column-4\">The cookie is set by the GDPR Cookie Consent plugin to record the user consent for the cookies in the category \"Necessary\".<\/td><\/tr><tr class=\"cookielawinfo-row\"><td class=\"cookielawinfo-column-1\">cookielawinfo-checkbox-prestazioni<\/td><td class=\"cookielawinfo-column-3\">1 year<\/td><td class=\"cookielawinfo-column-4\">No description<\/td><\/tr><tr class=\"cookielawinfo-row\"><td class=\"cookielawinfo-column-1\">cookielawinfo-checkbox-pubblicita<\/td><td class=\"cookielawinfo-column-3\">1 year<\/td><td class=\"cookielawinfo-column-4\">No description<\/td><\/tr><tr class=\"cookielawinfo-row\"><td class=\"cookielawinfo-column-1\">CookieLawInfoConsent<\/td><td class=\"cookielawinfo-column-3\">1 year<\/td><td class=\"cookielawinfo-column-4\">Records the default button state of the corresponding category &amp; the status of CCPA. It works only in coordination with the primary cookie.<\/td><\/tr><tr class=\"cookielawinfo-row\"><td class=\"cookielawinfo-column-1\">VISITOR_INFO1_LIVE<\/td><td class=\"cookielawinfo-column-3\">5 months 27 days<\/td><td class=\"cookielawinfo-column-4\">A cookie set by YouTube to measure bandwidth that determines whether the user gets the new or old player interface.<\/td><\/tr><tr class=\"cookielawinfo-row\"><td class=\"cookielawinfo-column-1\">YSC<\/td><td class=\"cookielawinfo-column-3\">session<\/td><td class=\"cookielawinfo-column-4\">YSC cookie is set by Youtube and is used to track the views of embedded videos on Youtube pages.<\/td><\/tr><tr class=\"cookielawinfo-row\"><td class=\"cookielawinfo-column-1\">yt-remote-connected-devices<\/td><td class=\"cookielawinfo-column-3\">never<\/td><td class=\"cookielawinfo-column-4\">YouTube sets this cookie to store the video preferences of the user using embedded YouTube video.<\/td><\/tr><tr class=\"cookielawinfo-row\"><td class=\"cookielawinfo-column-1\">yt-remote-device-id<\/td><td class=\"cookielawinfo-column-3\">never<\/td><td class=\"cookielawinfo-column-4\">YouTube sets this cookie to store the video preferences of the user using embedded YouTube video.<\/td><\/tr><\/tbody><\/table>\n<p>&nbsp;<\/p>\n<\/div>\n<h3>Comment puis-je contr\u00f4ler les pr\u00e9f\u00e9rences en mati\u00e8re de cookies ?<\/h3>\n<div>\n<p>Si vous d\u00e9cidez de modifier vos pr\u00e9f\u00e9rences ult\u00e9rieurement au cours de votre session de navigation, vous pouvez cliquer sur l&rsquo;onglet <a class=\"cli_manage_current_consent\" style=\"cursor: pointer;\">\u00ab G\u00e9rer le consentement \u00bb<\/a> \u00e0 l&rsquo;\u00e9cran. Cela affichera \u00e0 nouveau l&rsquo;avis de consentement vous permettant de modifier vos pr\u00e9f\u00e9rences ou de retirer compl\u00e8tement votre consentement.<\/p>\n<p>En plus de cela, diff\u00e9rents navigateurs proposent diff\u00e9rentes m\u00e9thodes pour bloquer et supprimer les cookies utilis\u00e9s par les sites Web. Vous pouvez modifier les param\u00e8tres de votre navigateur pour bloquer\/supprimer les cookies. Pour en savoir plus sur la gestion et la suppression des cookies, visitez wikipedia.org, www.allaboutcookies.org.<\/p>\n<\/div>\n<\/div>\n<p>[\/et_pb_text][\/et_pb_column][\/et_pb_row][\/et_pb_section]<\/p>\n","protected":false},"excerpt":{"rendered":"<p>\u00c0 propos de cette politique de cookies Cette politique en mati\u00e8re de cookies explique ce que sont les cookies et comment nous les utilisons, les types de cookies que nous utilisons, c&rsquo;est-\u00e0-dire les informations que nous collectons \u00e0 l&rsquo;aide de cookies et comment ces informations sont utilis\u00e9es, et comment contr\u00f4ler les pr\u00e9f\u00e9rences en mati\u00e8re de [&hellip;]<\/p>\n","protected":false},"author":1,"featured_media":0,"parent":0,"menu_order":0,"comment_status":"closed","ping_status":"closed","template":"","meta":{"_et_pb_use_builder":"on","_et_pb_old_content":"","_et_gb_content_width":"","footnotes":""},"class_list":["post-241320","page","type-page","status-publish","hentry"],"yoast_head":"<!-- This site is optimized with the Yoast SEO plugin v27.0 - https:\/\/yoast.com\/product\/yoast-seo-wordpress\/ -->\n<title>Politique relative aux cookies &#187; ERREBI Wood Working Machines<\/title>\n<meta name=\"robots\" content=\"index, follow, max-snippet:-1, max-image-preview:large, max-video-preview:-1\" \/>\n<link rel=\"canonical\" href=\"https:\/\/www.errebi-italy.com\/fr\/politique-relative-aux-cookies\/\" \/>\n<meta property=\"og:locale\" content=\"fr_FR\" \/>\n<meta property=\"og:type\" content=\"article\" \/>\n<meta property=\"og:title\" content=\"Politique relative aux cookies &#187; ERREBI Wood Working Machines\" \/>\n<meta property=\"og:description\" content=\"\u00c0 propos de cette politique de cookies Cette politique en mati\u00e8re de cookies explique ce que sont les cookies et comment nous les utilisons, les types de cookies que nous utilisons, c&#039;est-\u00e0-dire les informations que nous collectons \u00e0 l&#039;aide de cookies et comment ces informations sont utilis\u00e9es, et comment contr\u00f4ler les pr\u00e9f\u00e9rences en mati\u00e8re de [&hellip;]\" \/>\n<meta property=\"og:url\" content=\"https:\/\/www.errebi-italy.com\/fr\/politique-relative-aux-cookies\/\" \/>\n<meta property=\"og:site_name\" content=\"ERREBI Wood Working Machines\" \/>\n<meta property=\"article:modified_time\" content=\"2021-06-28T16:58:22+00:00\" \/>\n<meta name=\"twitter:card\" content=\"summary_large_image\" \/>\n<meta name=\"twitter:label1\" content=\"Dur\u00e9e de lecture estim\u00e9e\" \/>\n\t<meta name=\"twitter:data1\" content=\"4 minutes\" \/>\n<script type=\"application\/ld+json\" class=\"yoast-schema-graph\">{\"@context\":\"https:\/\/schema.org\",\"@graph\":[{\"@type\":\"WebPage\",\"@id\":\"https:\/\/www.errebi-italy.com\/fr\/politique-relative-aux-cookies\/\",\"url\":\"https:\/\/www.errebi-italy.com\/fr\/politique-relative-aux-cookies\/\",\"name\":\"Politique relative aux cookies &#187; ERREBI Wood Working Machines\",\"isPartOf\":{\"@id\":\"https:\/\/www.errebi-italy.com\/fr\/#website\"},\"datePublished\":\"2021-06-23T20:22:18+00:00\",\"dateModified\":\"2021-06-28T16:58:22+00:00\",\"breadcrumb\":{\"@id\":\"https:\/\/www.errebi-italy.com\/fr\/politique-relative-aux-cookies\/#breadcrumb\"},\"inLanguage\":\"fr-FR\",\"potentialAction\":[{\"@type\":\"ReadAction\",\"target\":[\"https:\/\/www.errebi-italy.com\/fr\/politique-relative-aux-cookies\/\"]}]},{\"@type\":\"BreadcrumbList\",\"@id\":\"https:\/\/www.errebi-italy.com\/fr\/politique-relative-aux-cookies\/#breadcrumb\",\"itemListElement\":[{\"@type\":\"ListItem\",\"position\":1,\"name\":\"Home\",\"item\":\"https:\/\/www.errebi-italy.com\/fr\/\"},{\"@type\":\"ListItem\",\"position\":2,\"name\":\"Politique relative aux cookies\"}]},{\"@type\":\"WebSite\",\"@id\":\"https:\/\/www.errebi-italy.com\/fr\/#website\",\"url\":\"https:\/\/www.errebi-italy.com\/fr\/\",\"name\":\"ERREBI Wood Working Machines\",\"description\":\"Errebi\",\"publisher\":{\"@id\":\"https:\/\/www.errebi-italy.com\/fr\/#organization\"},\"potentialAction\":[{\"@type\":\"SearchAction\",\"target\":{\"@type\":\"EntryPoint\",\"urlTemplate\":\"https:\/\/www.errebi-italy.com\/fr\/?s={search_term_string}\"},\"query-input\":{\"@type\":\"PropertyValueSpecification\",\"valueRequired\":true,\"valueName\":\"search_term_string\"}}],\"inLanguage\":\"fr-FR\"},{\"@type\":\"Organization\",\"@id\":\"https:\/\/www.errebi-italy.com\/fr\/#organization\",\"name\":\"ERREBI Wood Working Machines\",\"url\":\"https:\/\/www.errebi-italy.com\/fr\/\",\"logo\":{\"@type\":\"ImageObject\",\"inLanguage\":\"fr-FR\",\"@id\":\"https:\/\/www.errebi-italy.com\/fr\/#\/schema\/logo\/image\/\",\"url\":\"https:\/\/www.errebi-italy.com\/wp-content\/uploads\/2021\/03\/Logo-Errebi_400.png\",\"contentUrl\":\"https:\/\/www.errebi-italy.com\/wp-content\/uploads\/2021\/03\/Logo-Errebi_400.png\",\"width\":400,\"height\":156,\"caption\":\"ERREBI Wood Working Machines\"},\"image\":{\"@id\":\"https:\/\/www.errebi-italy.com\/fr\/#\/schema\/logo\/image\/\"},\"sameAs\":[\"https:\/\/www.linkedin.com\/in\/errebi-srl-b7046a209\/\",\"https:\/\/www.youtube.com\/channel\/UCglRcAaFV6Q3_HA4NbEtLig\"]}]}<\/script>\n<!-- \/ Yoast SEO plugin. -->","yoast_head_json":{"title":"Politique relative aux cookies &#187; ERREBI Wood Working Machines","robots":{"index":"index","follow":"follow","max-snippet":"max-snippet:-1","max-image-preview":"max-image-preview:large","max-video-preview":"max-video-preview:-1"},"canonical":"https:\/\/www.errebi-italy.com\/fr\/politique-relative-aux-cookies\/","og_locale":"fr_FR","og_type":"article","og_title":"Politique relative aux cookies &#187; ERREBI Wood Working Machines","og_description":"\u00c0 propos de cette politique de cookies Cette politique en mati\u00e8re de cookies explique ce que sont les cookies et comment nous les utilisons, les types de cookies que nous utilisons, c'est-\u00e0-dire les informations que nous collectons \u00e0 l'aide de cookies et comment ces informations sont utilis\u00e9es, et comment contr\u00f4ler les pr\u00e9f\u00e9rences en mati\u00e8re de [&hellip;]","og_url":"https:\/\/www.errebi-italy.com\/fr\/politique-relative-aux-cookies\/","og_site_name":"ERREBI Wood Working Machines","article_modified_time":"2021-06-28T16:58:22+00:00","twitter_card":"summary_large_image","twitter_misc":{"Dur\u00e9e de lecture estim\u00e9e":"4 minutes"},"schema":{"@context":"https:\/\/schema.org","@graph":[{"@type":"WebPage","@id":"https:\/\/www.errebi-italy.com\/fr\/politique-relative-aux-cookies\/","url":"https:\/\/www.errebi-italy.com\/fr\/politique-relative-aux-cookies\/","name":"Politique relative aux cookies &#187; ERREBI Wood Working Machines","isPartOf":{"@id":"https:\/\/www.errebi-italy.com\/fr\/#website"},"datePublished":"2021-06-23T20:22:18+00:00","dateModified":"2021-06-28T16:58:22+00:00","breadcrumb":{"@id":"https:\/\/www.errebi-italy.com\/fr\/politique-relative-aux-cookies\/#breadcrumb"},"inLanguage":"fr-FR","potentialAction":[{"@type":"ReadAction","target":["https:\/\/www.errebi-italy.com\/fr\/politique-relative-aux-cookies\/"]}]},{"@type":"BreadcrumbList","@id":"https:\/\/www.errebi-italy.com\/fr\/politique-relative-aux-cookies\/#breadcrumb","itemListElement":[{"@type":"ListItem","position":1,"name":"Home","item":"https:\/\/www.errebi-italy.com\/fr\/"},{"@type":"ListItem","position":2,"name":"Politique relative aux cookies"}]},{"@type":"WebSite","@id":"https:\/\/www.errebi-italy.com\/fr\/#website","url":"https:\/\/www.errebi-italy.com\/fr\/","name":"ERREBI Wood Working Machines","description":"Errebi","publisher":{"@id":"https:\/\/www.errebi-italy.com\/fr\/#organization"},"potentialAction":[{"@type":"SearchAction","target":{"@type":"EntryPoint","urlTemplate":"https:\/\/www.errebi-italy.com\/fr\/?s={search_term_string}"},"query-input":{"@type":"PropertyValueSpecification","valueRequired":true,"valueName":"search_term_string"}}],"inLanguage":"fr-FR"},{"@type":"Organization","@id":"https:\/\/www.errebi-italy.com\/fr\/#organization","name":"ERREBI Wood Working Machines","url":"https:\/\/www.errebi-italy.com\/fr\/","logo":{"@type":"ImageObject","inLanguage":"fr-FR","@id":"https:\/\/www.errebi-italy.com\/fr\/#\/schema\/logo\/image\/","url":"https:\/\/www.errebi-italy.com\/wp-content\/uploads\/2021\/03\/Logo-Errebi_400.png","contentUrl":"https:\/\/www.errebi-italy.com\/wp-content\/uploads\/2021\/03\/Logo-Errebi_400.png","width":400,"height":156,"caption":"ERREBI Wood Working Machines"},"image":{"@id":"https:\/\/www.errebi-italy.com\/fr\/#\/schema\/logo\/image\/"},"sameAs":["https:\/\/www.linkedin.com\/in\/errebi-srl-b7046a209\/","https:\/\/www.youtube.com\/channel\/UCglRcAaFV6Q3_HA4NbEtLig"]}]}},"_links":{"self":[{"href":"https:\/\/www.errebi-italy.com\/fr\/wp-json\/wp\/v2\/pages\/241320","targetHints":{"allow":["GET"]}}],"collection":[{"href":"https:\/\/www.errebi-italy.com\/fr\/wp-json\/wp\/v2\/pages"}],"about":[{"href":"https:\/\/www.errebi-italy.com\/fr\/wp-json\/wp\/v2\/types\/page"}],"author":[{"embeddable":true,"href":"https:\/\/www.errebi-italy.com\/fr\/wp-json\/wp\/v2\/users\/1"}],"replies":[{"embeddable":true,"href":"https:\/\/www.errebi-italy.com\/fr\/wp-json\/wp\/v2\/comments?post=241320"}],"version-history":[{"count":13,"href":"https:\/\/www.errebi-italy.com\/fr\/wp-json\/wp\/v2\/pages\/241320\/revisions"}],"predecessor-version":[{"id":241449,"href":"https:\/\/www.errebi-italy.com\/fr\/wp-json\/wp\/v2\/pages\/241320\/revisions\/241449"}],"wp:attachment":[{"href":"https:\/\/www.errebi-italy.com\/fr\/wp-json\/wp\/v2\/media?parent=241320"}],"curies":[{"name":"wp","href":"https:\/\/api.w.org\/{rel}","templated":true}]}}