{"id":240505,"date":"2021-06-11T18:46:33","date_gmt":"2021-06-11T16:46:33","guid":{"rendered":"https:\/\/www.errebi-italy.com\/infos-et-assistance\/"},"modified":"2025-05-23T18:09:53","modified_gmt":"2025-05-23T16:09:53","slug":"infos-et-assistance","status":"publish","type":"page","link":"https:\/\/www.errebi-italy.com\/fr\/infos-et-assistance\/","title":{"rendered":"Infos et assistance"},"content":{"rendered":"<p>[et_pb_section fb_built=\u00a0\u00bb1&Prime; _builder_version=\u00a0\u00bb4.16&Prime; _module_preset=\u00a0\u00bbdefault\u00a0\u00bb global_colors_info=\u00a0\u00bb{}\u00a0\u00bb][et_pb_row _builder_version=\u00a0\u00bb4.16&Prime; _module_preset=\u00a0\u00bbdefault\u00a0\u00bb global_colors_info=\u00a0\u00bb{}\u00a0\u00bb][et_pb_column type=\u00a0\u00bb4_4&Prime; _builder_version=\u00a0\u00bb4.16&Prime; _module_preset=\u00a0\u00bbdefault\u00a0\u00bb global_colors_info=\u00a0\u00bb{}\u00a0\u00bb][et_pb_text _builder_version=\u00a0\u00bb4.16&Prime; _module_preset=\u00a0\u00bbdefault\u00a0\u00bb text_font=\u00a0\u00bbBarlow Semi Condensed|500|||||||\u00a0\u00bb text_font_size=\u00a0\u00bb19px\u00a0\u00bb header_font=\u00a0\u00bbBarlow Semi Condensed||||||||\u00a0\u00bb header_2_font=\u00a0\u00bbBarlow Semi Condensed||||||||\u00a0\u00bb custom_margin=\u00a0\u00bb||50px||false|false\u00a0\u00bb global_colors_info=\u00a0\u00bb{}\u00a0\u00bb]<\/p>\n<h1><strong>INFOS ET ASSISTANCE<\/strong><\/h1>\n<p>Compilez le formulaire ci-dessous (<strong>*<\/strong> sont obligatoires) ou envoyez un e-mail \u00e0 <a href=\"mailto:info@errebi-italy.com\">info@errebi-italy.com<\/a> et nous vous contacterons dans les plus brefs d\u00e9lais.<\/p>\n<p>[\/et_pb_text][et_pb_contact_form use_spam_service=\u00a0\u00bbon\u00a0\u00bb recaptcha_list=\u00a0\u00bbDefault|Default-0&Prime; email=\u00a0\u00bbinfo@errebi-italy.com\u00a0\u00bb use_redirect=\u00a0\u00bbon\u00a0\u00bb redirect_url=\u00a0\u00bbhttps:\/\/www.errebi-italy.com\/fr\/\u00a0\u00bb success_message=\u00a0\u00bbVotre message a \u00e9t\u00e9 envoy\u00e9 avec succ\u00e8s!\u00a0\u00bb submit_button_text_tablet=\u00a0\u00bb\u00a0\u00bb submit_button_text_phone=\u00a0\u00bb\u00a0\u00bb submit_button_text_last_edited=\u00a0\u00bbon|desktop\u00a0\u00bb _builder_version=\u00a0\u00bb4.27.4&Prime; _module_preset=\u00a0\u00bbdefault\u00a0\u00bb _unique_id=\u00a0\u00bb7ef22774-e44c-4b64-baa5-9cdaf0a22018&Prime; form_field_text_color=\u00a0\u00bb#727272&Prime; form_field_focus_background_color=\u00a0\u00bb#dddddd\u00a0\u00bb form_field_custom_margin=\u00a0\u00bb-20px||||false|false\u00a0\u00bb form_field_custom_margin_tablet=\u00a0\u00bb0px||||false|false\u00a0\u00bb form_field_custom_margin_phone=\u00a0\u00bb\u00a0\u00bb form_field_custom_margin_last_edited=\u00a0\u00bbon|phone\u00a0\u00bb form_field_custom_padding=\u00a0\u00bb||||false|false\u00a0\u00bb title_font=\u00a0\u00bbBarlow Semi Condensed||||||||\u00a0\u00bb captcha_font=\u00a0\u00bbBarlow Semi Condensed||||||||\u00a0\u00bb form_field_font=\u00a0\u00bbBarlow Semi Condensed|600|||||||\u00a0\u00bb form_field_font_size=\u00a0\u00bb15px\u00a0\u00bb custom_button=\u00a0\u00bbon\u00a0\u00bb button_text_size=\u00a0\u00bb18px\u00a0\u00bb button_text_color=\u00a0\u00bb#FFFFFF\u00a0\u00bb button_bg_color=\u00a0\u00bb#283965&Prime; button_border_width=\u00a0\u00bb3px\u00a0\u00bb button_border_color=\u00a0\u00bb#283965&Prime; button_border_radius=\u00a0\u00bb0px\u00a0\u00bb button_letter_spacing=\u00a0\u00bb4px\u00a0\u00bb button_font=\u00a0\u00bbOpen Sans|800|||||||\u00a0\u00bb button_icon=\u00a0\u00bb&#xe010;||divi||400&Prime; button_custom_margin=\u00a0\u00bb||||false|false\u00a0\u00bb button_custom_padding=\u00a0\u00bb|5vw||5vw|false|true\u00a0\u00bb button_custom_padding_tablet=\u00a0\u00bb|7vw||7vw|false|true\u00a0\u00bb button_custom_padding_phone=\u00a0\u00bb|10vw||10vw|false|true\u00a0\u00bb button_custom_padding_last_edited=\u00a0\u00bbon|desktop\u00a0\u00bb custom_margin=\u00a0\u00bb||||false|false\u00a0\u00bb custom_padding=\u00a0\u00bb||||false|false\u00a0\u00bb hover_enabled=\u00a0\u00bb0&Prime; form_field_background_color_last_edited=\u00a0\u00bboff|desktop\u00a0\u00bb text_orientation_last_edited=\u00a0\u00bboff|desktop\u00a0\u00bb custom_css_main_element=\u00a0\u00bbfont-family: %22Barlow Semi Condensed%22, Helvetica, Arial, Lucida, sans-serif;\u00a0\u00bb border_width_all=\u00a0\u00bb1px\u00a0\u00bb border_color_all=\u00a0\u00bb#bfbfbf\u00a0\u00bb global_colors_info=\u00a0\u00bb{}\u00a0\u00bb form_field_text_color__hover_enabled=\u00a0\u00bboff|hover\u00a0\u00bb form_field_background_color__hover_enabled=\u00a0\u00bbon|desktop\u00a0\u00bb form_field_background_color__hover=\u00a0\u00bb#EDF000&Prime; button_bg_color__hover_enabled=\u00a0\u00bbon|hover\u00a0\u00bb button_bg_color__hover=\u00a0\u00bb#4153a0&Prime; button_bg_enable_color__hover=\u00a0\u00bbon\u00a0\u00bb button_border_width__hover_enabled=\u00a0\u00bboff|hover\u00a0\u00bb button_border_color__hover_enabled=\u00a0\u00bbon|hover\u00a0\u00bb button_border_color__hover=\u00a0\u00bb#4153a0&Prime; submit_button_text__hover_enabled=\u00a0\u00bbon|desktop\u00a0\u00bb sticky_enabled=\u00a0\u00bb0&Prime;][et_pb_contact_field field_id=\u00a0\u00bbnome\u00a0\u00bb field_title=\u00a0\u00bb* Nom\u00a0\u00bb _builder_version=\u00a0\u00bb4.16&Prime; global_colors_info=\u00a0\u00bb{}\u00a0\u00bb button_text_size__hover_enabled=\u00a0\u00bboff\u00a0\u00bb button_one_text_size__hover_enabled=\u00a0\u00bboff\u00a0\u00bb button_two_text_size__hover_enabled=\u00a0\u00bboff\u00a0\u00bb button_text_color__hover_enabled=\u00a0\u00bboff\u00a0\u00bb button_one_text_color__hover_enabled=\u00a0\u00bboff\u00a0\u00bb button_two_text_color__hover_enabled=\u00a0\u00bboff\u00a0\u00bb button_border_width__hover_enabled=\u00a0\u00bboff\u00a0\u00bb button_one_border_width__hover_enabled=\u00a0\u00bboff\u00a0\u00bb button_two_border_width__hover_enabled=\u00a0\u00bboff\u00a0\u00bb button_border_color__hover_enabled=\u00a0\u00bboff\u00a0\u00bb button_one_border_color__hover_enabled=\u00a0\u00bboff\u00a0\u00bb button_two_border_color__hover_enabled=\u00a0\u00bboff\u00a0\u00bb button_border_radius__hover_enabled=\u00a0\u00bboff\u00a0\u00bb button_one_border_radius__hover_enabled=\u00a0\u00bboff\u00a0\u00bb button_two_border_radius__hover_enabled=\u00a0\u00bboff\u00a0\u00bb button_letter_spacing__hover_enabled=\u00a0\u00bboff\u00a0\u00bb button_one_letter_spacing__hover_enabled=\u00a0\u00bboff\u00a0\u00bb button_two_letter_spacing__hover_enabled=\u00a0\u00bboff\u00a0\u00bb button_bg_color__hover_enabled=\u00a0\u00bboff\u00a0\u00bb button_one_bg_color__hover_enabled=\u00a0\u00bboff\u00a0\u00bb button_two_bg_color__hover_enabled=\u00a0\u00bboff\u00a0\u00bb][\/et_pb_contact_field][et_pb_contact_field field_id=\u00a0\u00bbazienda\u00a0\u00bb field_title=\u00a0\u00bb* Entreprise\u00a0\u00bb _builder_version=\u00a0\u00bb4.16&Prime; global_colors_info=\u00a0\u00bb{}\u00a0\u00bb button_text_size__hover_enabled=\u00a0\u00bboff\u00a0\u00bb button_one_text_size__hover_enabled=\u00a0\u00bboff\u00a0\u00bb button_two_text_size__hover_enabled=\u00a0\u00bboff\u00a0\u00bb button_text_color__hover_enabled=\u00a0\u00bboff\u00a0\u00bb button_one_text_color__hover_enabled=\u00a0\u00bboff\u00a0\u00bb button_two_text_color__hover_enabled=\u00a0\u00bboff\u00a0\u00bb button_border_width__hover_enabled=\u00a0\u00bboff\u00a0\u00bb button_one_border_width__hover_enabled=\u00a0\u00bboff\u00a0\u00bb button_two_border_width__hover_enabled=\u00a0\u00bboff\u00a0\u00bb button_border_color__hover_enabled=\u00a0\u00bboff\u00a0\u00bb button_one_border_color__hover_enabled=\u00a0\u00bboff\u00a0\u00bb button_two_border_color__hover_enabled=\u00a0\u00bboff\u00a0\u00bb button_border_radius__hover_enabled=\u00a0\u00bboff\u00a0\u00bb button_one_border_radius__hover_enabled=\u00a0\u00bboff\u00a0\u00bb button_two_border_radius__hover_enabled=\u00a0\u00bboff\u00a0\u00bb button_letter_spacing__hover_enabled=\u00a0\u00bboff\u00a0\u00bb button_one_letter_spacing__hover_enabled=\u00a0\u00bboff\u00a0\u00bb button_two_letter_spacing__hover_enabled=\u00a0\u00bboff\u00a0\u00bb button_bg_color__hover_enabled=\u00a0\u00bboff\u00a0\u00bb button_one_bg_color__hover_enabled=\u00a0\u00bboff\u00a0\u00bb button_two_bg_color__hover_enabled=\u00a0\u00bboff\u00a0\u00bb][\/et_pb_contact_field][et_pb_contact_field field_id=\u00a0\u00bbtelefono\u00a0\u00bb field_title=\u00a0\u00bb* T\u00e9l\u00e9phone\u00a0\u00bb _builder_version=\u00a0\u00bb4.16&Prime; global_colors_info=\u00a0\u00bb{}\u00a0\u00bb button_text_size__hover_enabled=\u00a0\u00bboff\u00a0\u00bb button_one_text_size__hover_enabled=\u00a0\u00bboff\u00a0\u00bb button_two_text_size__hover_enabled=\u00a0\u00bboff\u00a0\u00bb button_text_color__hover_enabled=\u00a0\u00bboff\u00a0\u00bb button_one_text_color__hover_enabled=\u00a0\u00bboff\u00a0\u00bb button_two_text_color__hover_enabled=\u00a0\u00bboff\u00a0\u00bb button_border_width__hover_enabled=\u00a0\u00bboff\u00a0\u00bb button_one_border_width__hover_enabled=\u00a0\u00bboff\u00a0\u00bb button_two_border_width__hover_enabled=\u00a0\u00bboff\u00a0\u00bb button_border_color__hover_enabled=\u00a0\u00bboff\u00a0\u00bb button_one_border_color__hover_enabled=\u00a0\u00bboff\u00a0\u00bb button_two_border_color__hover_enabled=\u00a0\u00bboff\u00a0\u00bb button_border_radius__hover_enabled=\u00a0\u00bboff\u00a0\u00bb button_one_border_radius__hover_enabled=\u00a0\u00bboff\u00a0\u00bb button_two_border_radius__hover_enabled=\u00a0\u00bboff\u00a0\u00bb button_letter_spacing__hover_enabled=\u00a0\u00bboff\u00a0\u00bb button_one_letter_spacing__hover_enabled=\u00a0\u00bboff\u00a0\u00bb button_two_letter_spacing__hover_enabled=\u00a0\u00bboff\u00a0\u00bb button_bg_color__hover_enabled=\u00a0\u00bboff\u00a0\u00bb button_one_bg_color__hover_enabled=\u00a0\u00bboff\u00a0\u00bb button_two_bg_color__hover_enabled=\u00a0\u00bboff\u00a0\u00bb][\/et_pb_contact_field][et_pb_contact_field field_id=\u00a0\u00bbwhatsapp\u00a0\u00bb field_title=\u00a0\u00bbWhatsapp\u00a0\u00bb required_mark=\u00a0\u00bboff\u00a0\u00bb _builder_version=\u00a0\u00bb4.16&Prime; global_colors_info=\u00a0\u00bb{}\u00a0\u00bb button_text_size__hover_enabled=\u00a0\u00bboff\u00a0\u00bb button_one_text_size__hover_enabled=\u00a0\u00bboff\u00a0\u00bb button_two_text_size__hover_enabled=\u00a0\u00bboff\u00a0\u00bb button_text_color__hover_enabled=\u00a0\u00bboff\u00a0\u00bb button_one_text_color__hover_enabled=\u00a0\u00bboff\u00a0\u00bb button_two_text_color__hover_enabled=\u00a0\u00bboff\u00a0\u00bb button_border_width__hover_enabled=\u00a0\u00bboff\u00a0\u00bb button_one_border_width__hover_enabled=\u00a0\u00bboff\u00a0\u00bb button_two_border_width__hover_enabled=\u00a0\u00bboff\u00a0\u00bb button_border_color__hover_enabled=\u00a0\u00bboff\u00a0\u00bb button_one_border_color__hover_enabled=\u00a0\u00bboff\u00a0\u00bb button_two_border_color__hover_enabled=\u00a0\u00bboff\u00a0\u00bb button_border_radius__hover_enabled=\u00a0\u00bboff\u00a0\u00bb button_one_border_radius__hover_enabled=\u00a0\u00bboff\u00a0\u00bb button_two_border_radius__hover_enabled=\u00a0\u00bboff\u00a0\u00bb button_letter_spacing__hover_enabled=\u00a0\u00bboff\u00a0\u00bb button_one_letter_spacing__hover_enabled=\u00a0\u00bboff\u00a0\u00bb button_two_letter_spacing__hover_enabled=\u00a0\u00bboff\u00a0\u00bb button_bg_color__hover_enabled=\u00a0\u00bboff\u00a0\u00bb button_one_bg_color__hover_enabled=\u00a0\u00bboff\u00a0\u00bb button_two_bg_color__hover_enabled=\u00a0\u00bboff\u00a0\u00bb][\/et_pb_contact_field][et_pb_contact_field field_id=\u00a0\u00bbemail\u00a0\u00bb field_title=\u00a0\u00bb* E-mail\u00a0\u00bb field_type=\u00a0\u00bbemail\u00a0\u00bb _builder_version=\u00a0\u00bb4.16&Prime; global_colors_info=\u00a0\u00bb{}\u00a0\u00bb button_text_size__hover_enabled=\u00a0\u00bboff\u00a0\u00bb button_one_text_size__hover_enabled=\u00a0\u00bboff\u00a0\u00bb button_two_text_size__hover_enabled=\u00a0\u00bboff\u00a0\u00bb button_text_color__hover_enabled=\u00a0\u00bboff\u00a0\u00bb button_one_text_color__hover_enabled=\u00a0\u00bboff\u00a0\u00bb button_two_text_color__hover_enabled=\u00a0\u00bboff\u00a0\u00bb button_border_width__hover_enabled=\u00a0\u00bboff\u00a0\u00bb button_one_border_width__hover_enabled=\u00a0\u00bboff\u00a0\u00bb button_two_border_width__hover_enabled=\u00a0\u00bboff\u00a0\u00bb button_border_color__hover_enabled=\u00a0\u00bboff\u00a0\u00bb button_one_border_color__hover_enabled=\u00a0\u00bboff\u00a0\u00bb button_two_border_color__hover_enabled=\u00a0\u00bboff\u00a0\u00bb button_border_radius__hover_enabled=\u00a0\u00bboff\u00a0\u00bb button_one_border_radius__hover_enabled=\u00a0\u00bboff\u00a0\u00bb button_two_border_radius__hover_enabled=\u00a0\u00bboff\u00a0\u00bb button_letter_spacing__hover_enabled=\u00a0\u00bboff\u00a0\u00bb button_one_letter_spacing__hover_enabled=\u00a0\u00bboff\u00a0\u00bb button_two_letter_spacing__hover_enabled=\u00a0\u00bboff\u00a0\u00bb button_bg_color__hover_enabled=\u00a0\u00bboff\u00a0\u00bb button_one_bg_color__hover_enabled=\u00a0\u00bboff\u00a0\u00bb button_two_bg_color__hover_enabled=\u00a0\u00bboff\u00a0\u00bb][\/et_pb_contact_field][et_pb_contact_field field_id=\u00a0\u00bbinteresse\u00a0\u00bb field_title=\u00a0\u00bbJe m&rsquo;int\u00e9resse \u00e0 :\u00a0\u00bb field_type=\u00a0\u00bbcheckbox\u00a0\u00bb checkbox_options=\u00a0\u00bb%91{%22value%22:%22Machine SM pour la production de chevalets%22,%22checked%22:0,%22dragID%22:-1},{%22value%22:%22Machine RAPID pour la production de cages, caisses, plateaux, brides, selles, palettes, cl\u00f4tures et plus encore%22,%22checked%22:0,%22dragID%22:0},{%22value%22:%22Machine BRIDGE pour la production de cages, caisses, plateaux, brides, selles, palettes, cl\u00f4tures et plus encore%22,%22checked%22:0,%22dragID%22:1}%93&Prime; required_mark=\u00a0\u00bboff\u00a0\u00bb fullwidth_field=\u00a0\u00bbon\u00a0\u00bb _builder_version=\u00a0\u00bb4.16&Prime; _module_preset=\u00a0\u00bbdefault\u00a0\u00bb global_colors_info=\u00a0\u00bb{}\u00a0\u00bb][\/et_pb_contact_field][et_pb_contact_field field_id=\u00a0\u00bbopzioni\u00a0\u00bb field_title=\u00a0\u00bb1. Options \u00e0 inclure dans la conception de l\u2019\u00e9quipement :\u00a0\u00bb field_type=\u00a0\u00bbcheckbox\u00a0\u00bb checkbox_options=\u00a0\u00bb%91{%22value%22:%22Per\u00e7age%22,%22checked%22:0,%22dragID%22:0},{%22value%22:%22Fraisage%22,%22checked%22:0,%22dragID%22:1}%93&Prime; required_mark=\u00a0\u00bboff\u00a0\u00bb fullwidth_field=\u00a0\u00bbon\u00a0\u00bb _builder_version=\u00a0\u00bb4.25.2&Prime; _module_preset=\u00a0\u00bbdefault\u00a0\u00bb text_orientation_last_edited=\u00a0\u00bboff|desktop\u00a0\u00bb global_colors_info=\u00a0\u00bb{}\u00a0\u00bb][\/et_pb_contact_field][et_pb_contact_field field_id=\u00a0\u00bbmessaggio\u00a0\u00bb field_title=\u00a0\u00bb2. Vous cherchez une solution particuli\u00e8re ? Donnez-nous plus de d\u00e9tails\u00a0\u00bb required_mark=\u00a0\u00bboff\u00a0\u00bb fullwidth_field=\u00a0\u00bbon\u00a0\u00bb _builder_version=\u00a0\u00bb4.25.2&Prime; global_colors_info=\u00a0\u00bb{}\u00a0\u00bb button_text_size__hover_enabled=\u00a0\u00bboff\u00a0\u00bb button_one_text_size__hover_enabled=\u00a0\u00bboff\u00a0\u00bb button_two_text_size__hover_enabled=\u00a0\u00bboff\u00a0\u00bb button_text_color__hover_enabled=\u00a0\u00bboff\u00a0\u00bb button_one_text_color__hover_enabled=\u00a0\u00bboff\u00a0\u00bb button_two_text_color__hover_enabled=\u00a0\u00bboff\u00a0\u00bb button_border_width__hover_enabled=\u00a0\u00bboff\u00a0\u00bb button_one_border_width__hover_enabled=\u00a0\u00bboff\u00a0\u00bb button_two_border_width__hover_enabled=\u00a0\u00bboff\u00a0\u00bb button_border_color__hover_enabled=\u00a0\u00bboff\u00a0\u00bb button_one_border_color__hover_enabled=\u00a0\u00bboff\u00a0\u00bb button_two_border_color__hover_enabled=\u00a0\u00bboff\u00a0\u00bb button_border_radius__hover_enabled=\u00a0\u00bboff\u00a0\u00bb button_one_border_radius__hover_enabled=\u00a0\u00bboff\u00a0\u00bb button_two_border_radius__hover_enabled=\u00a0\u00bboff\u00a0\u00bb button_letter_spacing__hover_enabled=\u00a0\u00bboff\u00a0\u00bb button_one_letter_spacing__hover_enabled=\u00a0\u00bboff\u00a0\u00bb button_two_letter_spacing__hover_enabled=\u00a0\u00bboff\u00a0\u00bb button_bg_color__hover_enabled=\u00a0\u00bboff\u00a0\u00bb button_one_bg_color__hover_enabled=\u00a0\u00bboff\u00a0\u00bb button_two_bg_color__hover_enabled=\u00a0\u00bboff\u00a0\u00bb][\/et_pb_contact_field][et_pb_contact_field field_id=\u00a0\u00bbagree\u00a0\u00bb field_title=\u00a0\u00bbR\u00e8glement UE RGPD 2016\/679&Prime; field_type=\u00a0\u00bbcheckbox\u00a0\u00bb checkbox_options=\u00a0\u00bb%91{%22value%22:%22J\u2019autorise le traitement des donn\u00e9es visibles au lien suivant : %22,%22checked%22:0,%22dragID%22:-1,%22link_url%22:%22https:\/\/www.errebi-italy.com\/en\/privacy-policy\/%22}%93&Prime; _builder_version=\u00a0\u00bb4.16&Prime; _module_preset=\u00a0\u00bbdefault\u00a0\u00bb global_colors_info=\u00a0\u00bb{}\u00a0\u00bb][\/et_pb_contact_field][\/et_pb_contact_form][et_pb_text _builder_version=\u00a0\u00bb4.16&Prime; _module_preset=\u00a0\u00bbdefault\u00a0\u00bb text_font=\u00a0\u00bbBarlow Semi Condensed|500|||||||\u00a0\u00bb text_font_size=\u00a0\u00bb19px\u00a0\u00bb header_font=\u00a0\u00bbBarlow Semi Condensed||||||||\u00a0\u00bb header_2_font=\u00a0\u00bbBarlow Semi Condensed||||||||\u00a0\u00bb custom_margin=\u00a0\u00bb40px||||false|false\u00a0\u00bb global_colors_info=\u00a0\u00bb{}\u00a0\u00bb]<\/p>\n<h1><strong>ASSISTANCE<\/strong><\/h1>\n<p>Nos machines sont simples \u00e0 maintenir et faciles \u00e0 utiliser pour l\u2019op\u00e9rateur.<\/p>\n<p>Nos principes de construction et les comp\u00e9tences de notre bureau d\u2019\u00e9tude \u00e0 distance permettent d\u2019exploiter notre technologie dans les cinq continents.<\/p>\n<p>[\/et_pb_text][\/et_pb_column][\/et_pb_row][\/et_pb_section]<\/p>\n","protected":false},"excerpt":{"rendered":"<p>INFOS ET ASSISTANCE Compilez le formulaire ci-dessous (* sont obligatoires) ou envoyez un e-mail \u00e0 info@errebi-italy.com et nous vous contacterons dans les plus brefs d\u00e9lais.ASSISTANCE Nos machines sont simples \u00e0 maintenir et faciles \u00e0 utiliser pour l\u2019op\u00e9rateur. Nos principes de construction et les comp\u00e9tences de notre bureau d\u2019\u00e9tude \u00e0 distance permettent d\u2019exploiter notre technologie dans [&hellip;]<\/p>\n","protected":false},"author":1,"featured_media":0,"parent":0,"menu_order":0,"comment_status":"closed","ping_status":"closed","template":"","meta":{"_et_pb_use_builder":"on","_et_pb_old_content":"","_et_gb_content_width":"","footnotes":""},"class_list":["post-240505","page","type-page","status-publish","hentry"],"yoast_head":"<!-- This site is optimized with the Yoast SEO plugin v27.0 - https:\/\/yoast.com\/product\/yoast-seo-wordpress\/ -->\n<title>Infos et assistance &#187; ERREBI Wood Working Machines<\/title>\n<meta name=\"robots\" content=\"index, follow, max-snippet:-1, max-image-preview:large, max-video-preview:-1\" \/>\n<link rel=\"canonical\" href=\"https:\/\/www.errebi-italy.com\/fr\/infos-et-assistance\/\" \/>\n<meta property=\"og:locale\" content=\"fr_FR\" \/>\n<meta property=\"og:type\" content=\"article\" \/>\n<meta property=\"og:title\" content=\"Infos et assistance &#187; ERREBI Wood Working Machines\" \/>\n<meta property=\"og:description\" content=\"INFOS ET ASSISTANCE Compilez le formulaire ci-dessous (* sont obligatoires) ou envoyez un e-mail \u00e0 info@errebi-italy.com et nous vous contacterons dans les plus brefs d\u00e9lais.ASSISTANCE Nos machines sont simples \u00e0 maintenir et faciles \u00e0 utiliser pour l\u2019op\u00e9rateur. Nos principes de construction et les comp\u00e9tences de notre bureau d\u2019\u00e9tude \u00e0 distance permettent d\u2019exploiter notre technologie dans [&hellip;]\" \/>\n<meta property=\"og:url\" content=\"https:\/\/www.errebi-italy.com\/fr\/infos-et-assistance\/\" \/>\n<meta property=\"og:site_name\" content=\"ERREBI Wood Working Machines\" \/>\n<meta property=\"article:modified_time\" content=\"2025-05-23T16:09:53+00:00\" \/>\n<meta name=\"twitter:card\" content=\"summary_large_image\" \/>\n<meta name=\"twitter:label1\" content=\"Dur\u00e9e de lecture estim\u00e9e\" \/>\n\t<meta name=\"twitter:data1\" content=\"8 minutes\" \/>\n<script type=\"application\/ld+json\" class=\"yoast-schema-graph\">{\"@context\":\"https:\/\/schema.org\",\"@graph\":[{\"@type\":\"WebPage\",\"@id\":\"https:\/\/www.errebi-italy.com\/fr\/infos-et-assistance\/\",\"url\":\"https:\/\/www.errebi-italy.com\/fr\/infos-et-assistance\/\",\"name\":\"Infos et assistance &#187; ERREBI Wood Working Machines\",\"isPartOf\":{\"@id\":\"https:\/\/www.errebi-italy.com\/fr\/#website\"},\"datePublished\":\"2021-06-11T16:46:33+00:00\",\"dateModified\":\"2025-05-23T16:09:53+00:00\",\"breadcrumb\":{\"@id\":\"https:\/\/www.errebi-italy.com\/fr\/infos-et-assistance\/#breadcrumb\"},\"inLanguage\":\"fr-FR\",\"potentialAction\":[{\"@type\":\"ReadAction\",\"target\":[\"https:\/\/www.errebi-italy.com\/fr\/infos-et-assistance\/\"]}]},{\"@type\":\"BreadcrumbList\",\"@id\":\"https:\/\/www.errebi-italy.com\/fr\/infos-et-assistance\/#breadcrumb\",\"itemListElement\":[{\"@type\":\"ListItem\",\"position\":1,\"name\":\"Home\",\"item\":\"https:\/\/www.errebi-italy.com\/fr\/\"},{\"@type\":\"ListItem\",\"position\":2,\"name\":\"Infos et assistance\"}]},{\"@type\":\"WebSite\",\"@id\":\"https:\/\/www.errebi-italy.com\/fr\/#website\",\"url\":\"https:\/\/www.errebi-italy.com\/fr\/\",\"name\":\"ERREBI Wood Working Machines\",\"description\":\"Errebi\",\"publisher\":{\"@id\":\"https:\/\/www.errebi-italy.com\/fr\/#organization\"},\"potentialAction\":[{\"@type\":\"SearchAction\",\"target\":{\"@type\":\"EntryPoint\",\"urlTemplate\":\"https:\/\/www.errebi-italy.com\/fr\/?s={search_term_string}\"},\"query-input\":{\"@type\":\"PropertyValueSpecification\",\"valueRequired\":true,\"valueName\":\"search_term_string\"}}],\"inLanguage\":\"fr-FR\"},{\"@type\":\"Organization\",\"@id\":\"https:\/\/www.errebi-italy.com\/fr\/#organization\",\"name\":\"ERREBI Wood Working Machines\",\"url\":\"https:\/\/www.errebi-italy.com\/fr\/\",\"logo\":{\"@type\":\"ImageObject\",\"inLanguage\":\"fr-FR\",\"@id\":\"https:\/\/www.errebi-italy.com\/fr\/#\/schema\/logo\/image\/\",\"url\":\"https:\/\/www.errebi-italy.com\/wp-content\/uploads\/2021\/03\/Logo-Errebi_400.png\",\"contentUrl\":\"https:\/\/www.errebi-italy.com\/wp-content\/uploads\/2021\/03\/Logo-Errebi_400.png\",\"width\":400,\"height\":156,\"caption\":\"ERREBI Wood Working Machines\"},\"image\":{\"@id\":\"https:\/\/www.errebi-italy.com\/fr\/#\/schema\/logo\/image\/\"},\"sameAs\":[\"https:\/\/www.linkedin.com\/in\/errebi-srl-b7046a209\/\",\"https:\/\/www.youtube.com\/channel\/UCglRcAaFV6Q3_HA4NbEtLig\"]}]}<\/script>\n<!-- \/ Yoast SEO plugin. -->","yoast_head_json":{"title":"Infos et assistance &#187; ERREBI Wood Working Machines","robots":{"index":"index","follow":"follow","max-snippet":"max-snippet:-1","max-image-preview":"max-image-preview:large","max-video-preview":"max-video-preview:-1"},"canonical":"https:\/\/www.errebi-italy.com\/fr\/infos-et-assistance\/","og_locale":"fr_FR","og_type":"article","og_title":"Infos et assistance &#187; ERREBI Wood Working Machines","og_description":"INFOS ET ASSISTANCE Compilez le formulaire ci-dessous (* sont obligatoires) ou envoyez un e-mail \u00e0 info@errebi-italy.com et nous vous contacterons dans les plus brefs d\u00e9lais.ASSISTANCE Nos machines sont simples \u00e0 maintenir et faciles \u00e0 utiliser pour l\u2019op\u00e9rateur. Nos principes de construction et les comp\u00e9tences de notre bureau d\u2019\u00e9tude \u00e0 distance permettent d\u2019exploiter notre technologie dans [&hellip;]","og_url":"https:\/\/www.errebi-italy.com\/fr\/infos-et-assistance\/","og_site_name":"ERREBI Wood Working Machines","article_modified_time":"2025-05-23T16:09:53+00:00","twitter_card":"summary_large_image","twitter_misc":{"Dur\u00e9e de lecture estim\u00e9e":"8 minutes"},"schema":{"@context":"https:\/\/schema.org","@graph":[{"@type":"WebPage","@id":"https:\/\/www.errebi-italy.com\/fr\/infos-et-assistance\/","url":"https:\/\/www.errebi-italy.com\/fr\/infos-et-assistance\/","name":"Infos et assistance &#187; ERREBI Wood Working Machines","isPartOf":{"@id":"https:\/\/www.errebi-italy.com\/fr\/#website"},"datePublished":"2021-06-11T16:46:33+00:00","dateModified":"2025-05-23T16:09:53+00:00","breadcrumb":{"@id":"https:\/\/www.errebi-italy.com\/fr\/infos-et-assistance\/#breadcrumb"},"inLanguage":"fr-FR","potentialAction":[{"@type":"ReadAction","target":["https:\/\/www.errebi-italy.com\/fr\/infos-et-assistance\/"]}]},{"@type":"BreadcrumbList","@id":"https:\/\/www.errebi-italy.com\/fr\/infos-et-assistance\/#breadcrumb","itemListElement":[{"@type":"ListItem","position":1,"name":"Home","item":"https:\/\/www.errebi-italy.com\/fr\/"},{"@type":"ListItem","position":2,"name":"Infos et assistance"}]},{"@type":"WebSite","@id":"https:\/\/www.errebi-italy.com\/fr\/#website","url":"https:\/\/www.errebi-italy.com\/fr\/","name":"ERREBI Wood Working Machines","description":"Errebi","publisher":{"@id":"https:\/\/www.errebi-italy.com\/fr\/#organization"},"potentialAction":[{"@type":"SearchAction","target":{"@type":"EntryPoint","urlTemplate":"https:\/\/www.errebi-italy.com\/fr\/?s={search_term_string}"},"query-input":{"@type":"PropertyValueSpecification","valueRequired":true,"valueName":"search_term_string"}}],"inLanguage":"fr-FR"},{"@type":"Organization","@id":"https:\/\/www.errebi-italy.com\/fr\/#organization","name":"ERREBI Wood Working Machines","url":"https:\/\/www.errebi-italy.com\/fr\/","logo":{"@type":"ImageObject","inLanguage":"fr-FR","@id":"https:\/\/www.errebi-italy.com\/fr\/#\/schema\/logo\/image\/","url":"https:\/\/www.errebi-italy.com\/wp-content\/uploads\/2021\/03\/Logo-Errebi_400.png","contentUrl":"https:\/\/www.errebi-italy.com\/wp-content\/uploads\/2021\/03\/Logo-Errebi_400.png","width":400,"height":156,"caption":"ERREBI Wood Working Machines"},"image":{"@id":"https:\/\/www.errebi-italy.com\/fr\/#\/schema\/logo\/image\/"},"sameAs":["https:\/\/www.linkedin.com\/in\/errebi-srl-b7046a209\/","https:\/\/www.youtube.com\/channel\/UCglRcAaFV6Q3_HA4NbEtLig"]}]}},"_links":{"self":[{"href":"https:\/\/www.errebi-italy.com\/fr\/wp-json\/wp\/v2\/pages\/240505","targetHints":{"allow":["GET"]}}],"collection":[{"href":"https:\/\/www.errebi-italy.com\/fr\/wp-json\/wp\/v2\/pages"}],"about":[{"href":"https:\/\/www.errebi-italy.com\/fr\/wp-json\/wp\/v2\/types\/page"}],"author":[{"embeddable":true,"href":"https:\/\/www.errebi-italy.com\/fr\/wp-json\/wp\/v2\/users\/1"}],"replies":[{"embeddable":true,"href":"https:\/\/www.errebi-italy.com\/fr\/wp-json\/wp\/v2\/comments?post=240505"}],"version-history":[{"count":20,"href":"https:\/\/www.errebi-italy.com\/fr\/wp-json\/wp\/v2\/pages\/240505\/revisions"}],"predecessor-version":[{"id":241999,"href":"https:\/\/www.errebi-italy.com\/fr\/wp-json\/wp\/v2\/pages\/240505\/revisions\/241999"}],"wp:attachment":[{"href":"https:\/\/www.errebi-italy.com\/fr\/wp-json\/wp\/v2\/media?parent=240505"}],"curies":[{"name":"wp","href":"https:\/\/api.w.org\/{rel}","templated":true}]}}