{"id":241339,"date":"2021-06-24T09:08:20","date_gmt":"2021-06-24T07:08:20","guid":{"rendered":"https:\/\/www.errebi-italy.com\/cookie-richtlinie\/"},"modified":"2021-06-28T18:52:55","modified_gmt":"2021-06-28T16:52:55","slug":"cookie-richtlinie","status":"publish","type":"page","link":"https:\/\/www.errebi-italy.com\/de\/cookie-richtlinie\/","title":{"rendered":"Cookie-Richtlinie"},"content":{"rendered":"<p>[et_pb_section fb_built=&#8220;1&#8243; _builder_version=&#8220;3.22&#8243;][et_pb_row _builder_version=&#8220;3.25&#8243; background_size=&#8220;initial&#8220; background_position=&#8220;top_left&#8220; background_repeat=&#8220;repeat&#8220;][et_pb_column type=&#8220;4_4&#8243; _builder_version=&#8220;3.25&#8243; custom_padding=&#8220;|||&#8220; custom_padding__hover=&#8220;|||&#8220;][et_pb_text _builder_version=&#8220;4.9.7&#8243; background_size=&#8220;initial&#8220; background_position=&#8220;top_left&#8220; background_repeat=&#8220;repeat&#8220; hover_enabled=&#8220;0&#8243; sticky_enabled=&#8220;0&#8243;]<\/p>\n<div class=\"cli_pg_page_contaner\">\n<h3>\u00dcber diese Cookie-Richtlinie<\/h3>\n<div>\n<p>Diese Cookie-Richtlinie erkl\u00e4rt, was Cookies sind und wie wir sie verwenden, die Arten von Cookies, die wir verwenden, d. h. die Informationen, die wir mithilfe von Cookies sammeln und wie diese Informationen verwendet werden, und wie Sie die Cookie-Einstellungen steuern. Weitere Informationen dar\u00fcber, wie wir Ihre personenbezogenen Daten verwenden, speichern und sch\u00fctzen, finden Sie in unserer Datenschutzerkl\u00e4rung.<\/p>\n<p>Sie k\u00f6nnen jederzeit Ihre Einwilligung zur Cookie-Erkl\u00e4rung auf unserer Website \u00e4ndern oder widerrufen<br \/>In unserer Datenschutzerkl\u00e4rung erfahren Sie mehr dar\u00fcber, wer wir sind, wie Sie uns kontaktieren k\u00f6nnen und wie wir personenbezogene Daten verarbeiten.<br \/>Ihre Einwilligung gilt f\u00fcr die folgenden Domains: www.errebi-italy.com<br \/><strong><div class=\"cli_user_consent_state\">Dein aktueller Status: Keine Einwilligung erteilt. <a class=\"cli_manage_current_consent\" style=\"cursor:pointer;text-decoration:underline;\">Verwalte deine Einwilligung<\/a> <\/div><\/strong><\/p>\n<p>&nbsp;<\/p>\n<\/div>\n<h3>Was sind Kekse?<\/h3>\n<div>\n<p>Cookies sind kleine Textdateien, die dazu dienen, kleine Informationen zu speichern. Sie werden beim Laden der Website in Ihrem Browser auf Ihrem Endger\u00e4t gespeichert. Diese Cookies helfen uns, die Website ordnungsgem\u00e4\u00df zu funktionieren, sie sicherer zu machen, eine bessere Benutzererfahrung zu bieten und zu verstehen, wie die Website funktioniert, und zu analysieren, was funktioniert und wo sie verbessert werden muss.<\/p>\n<p>&nbsp;<\/p>\n<\/div>\n<h3>Wie verwenden wir Cookies?<\/h3>\n<div>\n<p>Wie die meisten Online-Dienste verwendet unsere Website f\u00fcr verschiedene Zwecke Erst- und Drittanbieter-Cookies. First-Party-Cookies sind meist notwendig, damit die Website richtig funktioniert, und sammeln keine Ihrer personenbezogenen Daten.<\/p>\n<p>&nbsp;<\/p>\n<p>Die auf unserer Website verwendeten Cookies von Drittanbietern dienen haupts\u00e4chlich dazu, die Leistung der Website zu verstehen, wie Sie mit unserer Website interagieren, die Sicherheit unserer Dienste zu gew\u00e4hrleisten, f\u00fcr Sie relevante Werbung bereitzustellen und Ihnen insgesamt einen besseren und verbesserten Benutzer zu bieten Erfahrung und helfen, Ihre zuk\u00fcnftigen Interaktionen mit unserer Website zu beschleunigen.<\/p>\n<p>&nbsp;<\/p>\n<\/div>\n<h3>Welche Arten von Cookies verwenden wir?<\/h3>\n<div>\n<p><strong>Unverzichtbar:<\/strong>Einige Cookies sind unerl\u00e4sslich, damit Sie die volle Funktionalit\u00e4t unserer Website nutzen k\u00f6nnen. Sie erm\u00f6glichen es uns, Benutzersitzungen aufrechtzuerhalten und Sicherheitsbedrohungen zu verhindern. Sie sammeln oder speichern keine personenbezogenen Daten. Mit diesen Cookies k\u00f6nnen Sie sich beispielsweise bei Ihrem Konto anmelden, Produkte in Ihren Warenkorb legen und sicher zur Kasse gehen.<\/p>\n<p><strong>Statistik:<\/strong> Diese Cookies speichern Informationen wie die Anzahl der Besucher der Website, die Anzahl der einzelnen Besucher, welche Seiten der Website besucht wurden, die Quelle des Besuchs usw. Diese Daten helfen uns zu verstehen und zu analysieren, wie gut die Website funktioniert und wo Verbesserungsbedarf besteht.<\/p>\n<p><strong>Marketing:<\/strong> Auf unserer Website werden Anzeigen geschaltet. Diese Cookies werden verwendet, um die Werbung, die wir Ihnen zeigen, so zu personalisieren, dass sie f\u00fcr Sie von Bedeutung ist. Diese Cookies helfen uns auch, die Effizienz dieser Werbekampagnen zu verfolgen.<br \/>Die in diesen Cookies gespeicherten Informationen k\u00f6nnen auch von den Drittanbietern von Anzeigen verwendet werden, um Ihnen auch auf anderen Websites im Browser Anzeigen anzuzeigen.<\/p>\n<p><strong>Funktional:<\/strong>Dies sind die Cookies, die bestimmte nicht wesentliche Funktionen auf unserer Website unterst\u00fctzen. Zu diesen Funktionalit\u00e4ten geh\u00f6ren das Einbetten von Inhalten wie Videos oder das Teilen von Inhalten der Website auf Social-Media-Plattformen.<\/p>\n<p><strong>Einstellungen:<\/strong>Diese Cookies helfen uns, Ihre Einstellungen und Browsereinstellungen wie Spracheinstellungen zu speichern, damit Sie bei zuk\u00fcnftigen Besuchen der Website ein besseres und effizienteres Erlebnis haben.<\/p>\n<p>L&#039;elenco seguente descrive in dettaglio i cookie utilizzati nel nostro sito Web.  <\/p><table class=\"cookielawinfo-row-cat-table cookielawinfo-classic\"><thead><tr><th class=\"cookielawinfo-column-1\">Cookie<\/th><th class=\"cookielawinfo-column-3\">Dauer<\/th><th class=\"cookielawinfo-column-4\">Beschreibung<\/th><\/tr><\/thead><tbody><tr class=\"cookielawinfo-row\"><td class=\"cookielawinfo-column-1\">_ga<\/td><td class=\"cookielawinfo-column-3\">2 years<\/td><td class=\"cookielawinfo-column-4\">The _ga cookie, installed by Google Analytics, calculates visitor, session and campaign data and also keeps track of site usage for the site's analytics report. The cookie stores information anonymously and assigns a randomly generated number to recognize unique visitors.<\/td><\/tr><tr class=\"cookielawinfo-row\"><td class=\"cookielawinfo-column-1\">_ga_DKY30X8HHQ<\/td><td class=\"cookielawinfo-column-3\">2 years<\/td><td class=\"cookielawinfo-column-4\">This cookie is installed by Google Analytics.<\/td><\/tr><tr class=\"cookielawinfo-row\"><td class=\"cookielawinfo-column-1\">CONSENT<\/td><td class=\"cookielawinfo-column-3\">2 years<\/td><td class=\"cookielawinfo-column-4\">YouTube sets this cookie via embedded youtube-videos and registers anonymous statistical data.<\/td><\/tr><tr class=\"cookielawinfo-row\"><td class=\"cookielawinfo-column-1\">cookielawinfo-checkbox-altro<\/td><td class=\"cookielawinfo-column-3\">1 year<\/td><td class=\"cookielawinfo-column-4\">No description<\/td><\/tr><tr class=\"cookielawinfo-row\"><td class=\"cookielawinfo-column-1\">cookielawinfo-checkbox-analisi<\/td><td class=\"cookielawinfo-column-3\">1 year<\/td><td class=\"cookielawinfo-column-4\">No description<\/td><\/tr><tr class=\"cookielawinfo-row\"><td class=\"cookielawinfo-column-1\">cookielawinfo-checkbox-funzionali<\/td><td class=\"cookielawinfo-column-3\">1 year<\/td><td class=\"cookielawinfo-column-4\">No description<\/td><\/tr><tr class=\"cookielawinfo-row\"><td class=\"cookielawinfo-column-1\">cookielawinfo-checkbox-necessari<\/td><td class=\"cookielawinfo-column-3\">1 year<\/td><td class=\"cookielawinfo-column-4\">The cookie is set by the GDPR Cookie Consent plugin to record the user consent for the cookies in the category \"Necessary\".<\/td><\/tr><tr class=\"cookielawinfo-row\"><td class=\"cookielawinfo-column-1\">cookielawinfo-checkbox-prestazioni<\/td><td class=\"cookielawinfo-column-3\">1 year<\/td><td class=\"cookielawinfo-column-4\">No description<\/td><\/tr><tr class=\"cookielawinfo-row\"><td class=\"cookielawinfo-column-1\">cookielawinfo-checkbox-pubblicita<\/td><td class=\"cookielawinfo-column-3\">1 year<\/td><td class=\"cookielawinfo-column-4\">No description<\/td><\/tr><tr class=\"cookielawinfo-row\"><td class=\"cookielawinfo-column-1\">CookieLawInfoConsent<\/td><td class=\"cookielawinfo-column-3\">1 year<\/td><td class=\"cookielawinfo-column-4\">Records the default button state of the corresponding category &amp; the status of CCPA. It works only in coordination with the primary cookie.<\/td><\/tr><tr class=\"cookielawinfo-row\"><td class=\"cookielawinfo-column-1\">VISITOR_INFO1_LIVE<\/td><td class=\"cookielawinfo-column-3\">5 months 27 days<\/td><td class=\"cookielawinfo-column-4\">A cookie set by YouTube to measure bandwidth that determines whether the user gets the new or old player interface.<\/td><\/tr><tr class=\"cookielawinfo-row\"><td class=\"cookielawinfo-column-1\">YSC<\/td><td class=\"cookielawinfo-column-3\">session<\/td><td class=\"cookielawinfo-column-4\">YSC cookie is set by Youtube and is used to track the views of embedded videos on Youtube pages.<\/td><\/tr><tr class=\"cookielawinfo-row\"><td class=\"cookielawinfo-column-1\">yt-remote-connected-devices<\/td><td class=\"cookielawinfo-column-3\">never<\/td><td class=\"cookielawinfo-column-4\">YouTube sets this cookie to store the video preferences of the user using embedded YouTube video.<\/td><\/tr><tr class=\"cookielawinfo-row\"><td class=\"cookielawinfo-column-1\">yt-remote-device-id<\/td><td class=\"cookielawinfo-column-3\">never<\/td><td class=\"cookielawinfo-column-4\">YouTube sets this cookie to store the video preferences of the user using embedded YouTube video.<\/td><\/tr><\/tbody><\/table>\n<p>&nbsp;<\/p>\n<\/div>\n<h3>Welche Arten von Cookies verwenden wir?<\/h3>\n<div>\n<p>Wenn Sie Ihre Einstellungen sp\u00e4ter w\u00e4hrend Ihrer Browsersitzung \u00e4ndern m\u00f6chten, k\u00f6nnen Sie auf dem Bildschirm auf die Registerkarte <a class=\"cli_manage_current_consent\" style=\"cursor: pointer;\">&#8222;Zustimmung verwalten&#8220;<\/a> klicken. Dadurch wird der Einwilligungshinweis erneut angezeigt, sodass Sie Ihre Einstellungen \u00e4ndern oder Ihre Einwilligung vollst\u00e4ndig widerrufen k\u00f6nnen.<\/p>\n<p>Dar\u00fcber hinaus bieten verschiedene Browser unterschiedliche Methoden zum Blockieren und L\u00f6schen von Cookies, die von Websites verwendet werden. Sie k\u00f6nnen die Einstellungen Ihres Browsers \u00e4ndern, um die Cookies zu blockieren\/zu l\u00f6schen. Um mehr dar\u00fcber zu erfahren, wie Sie Cookies verwalten und l\u00f6schen, besuchen Sie wikipedia.org, www.allaboutcookies.org.<\/p>\n<\/div>\n<\/div>\n<p>[\/et_pb_text][\/et_pb_column][\/et_pb_row][\/et_pb_section]<\/p>\n","protected":false},"excerpt":{"rendered":"<p>\u00dcber diese Cookie-Richtlinie Diese Cookie-Richtlinie erkl\u00e4rt, was Cookies sind und wie wir sie verwenden, die Arten von Cookies, die wir verwenden, d. h. die Informationen, die wir mithilfe von Cookies sammeln und wie diese Informationen verwendet werden, und wie Sie die Cookie-Einstellungen steuern. Weitere Informationen dar\u00fcber, wie wir Ihre personenbezogenen Daten verwenden, speichern und sch\u00fctzen, [&hellip;]<\/p>\n","protected":false},"author":1,"featured_media":0,"parent":0,"menu_order":0,"comment_status":"closed","ping_status":"closed","template":"","meta":{"_et_pb_use_builder":"on","_et_pb_old_content":"","_et_gb_content_width":"","footnotes":""},"class_list":["post-241339","page","type-page","status-publish","hentry"],"yoast_head":"<!-- This site is optimized with the Yoast SEO plugin v27.0 - https:\/\/yoast.com\/product\/yoast-seo-wordpress\/ -->\n<title>Cookie-Richtlinie &#187; ERREBI Wood Working Machines<\/title>\n<meta name=\"robots\" content=\"index, follow, max-snippet:-1, max-image-preview:large, max-video-preview:-1\" \/>\n<link rel=\"canonical\" href=\"https:\/\/www.errebi-italy.com\/de\/cookie-richtlinie\/\" \/>\n<meta property=\"og:locale\" content=\"de_DE\" \/>\n<meta property=\"og:type\" content=\"article\" \/>\n<meta property=\"og:title\" content=\"Cookie-Richtlinie &#187; ERREBI Wood Working Machines\" \/>\n<meta property=\"og:description\" content=\"\u00dcber diese Cookie-Richtlinie Diese Cookie-Richtlinie erkl\u00e4rt, was Cookies sind und wie wir sie verwenden, die Arten von Cookies, die wir verwenden, d. h. die Informationen, die wir mithilfe von Cookies sammeln und wie diese Informationen verwendet werden, und wie Sie die Cookie-Einstellungen steuern. Weitere Informationen dar\u00fcber, wie wir Ihre personenbezogenen Daten verwenden, speichern und sch\u00fctzen, [&hellip;]\" \/>\n<meta property=\"og:url\" content=\"https:\/\/www.errebi-italy.com\/de\/cookie-richtlinie\/\" \/>\n<meta property=\"og:site_name\" content=\"ERREBI Wood Working Machines\" \/>\n<meta property=\"article:modified_time\" content=\"2021-06-28T16:52:55+00:00\" \/>\n<meta name=\"twitter:card\" content=\"summary_large_image\" \/>\n<meta name=\"twitter:label1\" content=\"Gesch\u00e4tzte Lesezeit\" \/>\n\t<meta name=\"twitter:data1\" content=\"4\u00a0Minuten\" \/>\n<script type=\"application\/ld+json\" class=\"yoast-schema-graph\">{\"@context\":\"https:\/\/schema.org\",\"@graph\":[{\"@type\":\"WebPage\",\"@id\":\"https:\/\/www.errebi-italy.com\/de\/cookie-richtlinie\/\",\"url\":\"https:\/\/www.errebi-italy.com\/de\/cookie-richtlinie\/\",\"name\":\"Cookie-Richtlinie &#187; ERREBI Wood Working Machines\",\"isPartOf\":{\"@id\":\"https:\/\/www.errebi-italy.com\/de\/#website\"},\"datePublished\":\"2021-06-24T07:08:20+00:00\",\"dateModified\":\"2021-06-28T16:52:55+00:00\",\"breadcrumb\":{\"@id\":\"https:\/\/www.errebi-italy.com\/de\/cookie-richtlinie\/#breadcrumb\"},\"inLanguage\":\"de\",\"potentialAction\":[{\"@type\":\"ReadAction\",\"target\":[\"https:\/\/www.errebi-italy.com\/de\/cookie-richtlinie\/\"]}]},{\"@type\":\"BreadcrumbList\",\"@id\":\"https:\/\/www.errebi-italy.com\/de\/cookie-richtlinie\/#breadcrumb\",\"itemListElement\":[{\"@type\":\"ListItem\",\"position\":1,\"name\":\"Home\",\"item\":\"https:\/\/www.errebi-italy.com\/de\/\"},{\"@type\":\"ListItem\",\"position\":2,\"name\":\"Cookie-Richtlinie\"}]},{\"@type\":\"WebSite\",\"@id\":\"https:\/\/www.errebi-italy.com\/de\/#website\",\"url\":\"https:\/\/www.errebi-italy.com\/de\/\",\"name\":\"ERREBI Wood Working Machines\",\"description\":\"Errebi\",\"publisher\":{\"@id\":\"https:\/\/www.errebi-italy.com\/de\/#organization\"},\"potentialAction\":[{\"@type\":\"SearchAction\",\"target\":{\"@type\":\"EntryPoint\",\"urlTemplate\":\"https:\/\/www.errebi-italy.com\/de\/?s={search_term_string}\"},\"query-input\":{\"@type\":\"PropertyValueSpecification\",\"valueRequired\":true,\"valueName\":\"search_term_string\"}}],\"inLanguage\":\"de\"},{\"@type\":\"Organization\",\"@id\":\"https:\/\/www.errebi-italy.com\/de\/#organization\",\"name\":\"ERREBI Wood Working Machines\",\"url\":\"https:\/\/www.errebi-italy.com\/de\/\",\"logo\":{\"@type\":\"ImageObject\",\"inLanguage\":\"de\",\"@id\":\"https:\/\/www.errebi-italy.com\/de\/#\/schema\/logo\/image\/\",\"url\":\"https:\/\/www.errebi-italy.com\/wp-content\/uploads\/2021\/03\/Logo-Errebi_400.png\",\"contentUrl\":\"https:\/\/www.errebi-italy.com\/wp-content\/uploads\/2021\/03\/Logo-Errebi_400.png\",\"width\":400,\"height\":156,\"caption\":\"ERREBI Wood Working Machines\"},\"image\":{\"@id\":\"https:\/\/www.errebi-italy.com\/de\/#\/schema\/logo\/image\/\"},\"sameAs\":[\"https:\/\/www.linkedin.com\/in\/errebi-srl-b7046a209\/\",\"https:\/\/www.youtube.com\/channel\/UCglRcAaFV6Q3_HA4NbEtLig\"]}]}<\/script>\n<!-- \/ Yoast SEO plugin. -->","yoast_head_json":{"title":"Cookie-Richtlinie &#187; ERREBI Wood Working Machines","robots":{"index":"index","follow":"follow","max-snippet":"max-snippet:-1","max-image-preview":"max-image-preview:large","max-video-preview":"max-video-preview:-1"},"canonical":"https:\/\/www.errebi-italy.com\/de\/cookie-richtlinie\/","og_locale":"de_DE","og_type":"article","og_title":"Cookie-Richtlinie &#187; ERREBI Wood Working Machines","og_description":"\u00dcber diese Cookie-Richtlinie Diese Cookie-Richtlinie erkl\u00e4rt, was Cookies sind und wie wir sie verwenden, die Arten von Cookies, die wir verwenden, d. h. die Informationen, die wir mithilfe von Cookies sammeln und wie diese Informationen verwendet werden, und wie Sie die Cookie-Einstellungen steuern. Weitere Informationen dar\u00fcber, wie wir Ihre personenbezogenen Daten verwenden, speichern und sch\u00fctzen, [&hellip;]","og_url":"https:\/\/www.errebi-italy.com\/de\/cookie-richtlinie\/","og_site_name":"ERREBI Wood Working Machines","article_modified_time":"2021-06-28T16:52:55+00:00","twitter_card":"summary_large_image","twitter_misc":{"Gesch\u00e4tzte Lesezeit":"4\u00a0Minuten"},"schema":{"@context":"https:\/\/schema.org","@graph":[{"@type":"WebPage","@id":"https:\/\/www.errebi-italy.com\/de\/cookie-richtlinie\/","url":"https:\/\/www.errebi-italy.com\/de\/cookie-richtlinie\/","name":"Cookie-Richtlinie &#187; ERREBI Wood Working Machines","isPartOf":{"@id":"https:\/\/www.errebi-italy.com\/de\/#website"},"datePublished":"2021-06-24T07:08:20+00:00","dateModified":"2021-06-28T16:52:55+00:00","breadcrumb":{"@id":"https:\/\/www.errebi-italy.com\/de\/cookie-richtlinie\/#breadcrumb"},"inLanguage":"de","potentialAction":[{"@type":"ReadAction","target":["https:\/\/www.errebi-italy.com\/de\/cookie-richtlinie\/"]}]},{"@type":"BreadcrumbList","@id":"https:\/\/www.errebi-italy.com\/de\/cookie-richtlinie\/#breadcrumb","itemListElement":[{"@type":"ListItem","position":1,"name":"Home","item":"https:\/\/www.errebi-italy.com\/de\/"},{"@type":"ListItem","position":2,"name":"Cookie-Richtlinie"}]},{"@type":"WebSite","@id":"https:\/\/www.errebi-italy.com\/de\/#website","url":"https:\/\/www.errebi-italy.com\/de\/","name":"ERREBI Wood Working Machines","description":"Errebi","publisher":{"@id":"https:\/\/www.errebi-italy.com\/de\/#organization"},"potentialAction":[{"@type":"SearchAction","target":{"@type":"EntryPoint","urlTemplate":"https:\/\/www.errebi-italy.com\/de\/?s={search_term_string}"},"query-input":{"@type":"PropertyValueSpecification","valueRequired":true,"valueName":"search_term_string"}}],"inLanguage":"de"},{"@type":"Organization","@id":"https:\/\/www.errebi-italy.com\/de\/#organization","name":"ERREBI Wood Working Machines","url":"https:\/\/www.errebi-italy.com\/de\/","logo":{"@type":"ImageObject","inLanguage":"de","@id":"https:\/\/www.errebi-italy.com\/de\/#\/schema\/logo\/image\/","url":"https:\/\/www.errebi-italy.com\/wp-content\/uploads\/2021\/03\/Logo-Errebi_400.png","contentUrl":"https:\/\/www.errebi-italy.com\/wp-content\/uploads\/2021\/03\/Logo-Errebi_400.png","width":400,"height":156,"caption":"ERREBI Wood Working Machines"},"image":{"@id":"https:\/\/www.errebi-italy.com\/de\/#\/schema\/logo\/image\/"},"sameAs":["https:\/\/www.linkedin.com\/in\/errebi-srl-b7046a209\/","https:\/\/www.youtube.com\/channel\/UCglRcAaFV6Q3_HA4NbEtLig"]}]}},"_links":{"self":[{"href":"https:\/\/www.errebi-italy.com\/de\/wp-json\/wp\/v2\/pages\/241339","targetHints":{"allow":["GET"]}}],"collection":[{"href":"https:\/\/www.errebi-italy.com\/de\/wp-json\/wp\/v2\/pages"}],"about":[{"href":"https:\/\/www.errebi-italy.com\/de\/wp-json\/wp\/v2\/types\/page"}],"author":[{"embeddable":true,"href":"https:\/\/www.errebi-italy.com\/de\/wp-json\/wp\/v2\/users\/1"}],"replies":[{"embeddable":true,"href":"https:\/\/www.errebi-italy.com\/de\/wp-json\/wp\/v2\/comments?post=241339"}],"version-history":[{"count":16,"href":"https:\/\/www.errebi-italy.com\/de\/wp-json\/wp\/v2\/pages\/241339\/revisions"}],"predecessor-version":[{"id":241439,"href":"https:\/\/www.errebi-italy.com\/de\/wp-json\/wp\/v2\/pages\/241339\/revisions\/241439"}],"wp:attachment":[{"href":"https:\/\/www.errebi-italy.com\/de\/wp-json\/wp\/v2\/media?parent=241339"}],"curies":[{"name":"wp","href":"https:\/\/api.w.org\/{rel}","templated":true}]}}