{"id":240823,"date":"2021-06-11T21:55:13","date_gmt":"2021-06-11T19:55:13","guid":{"rendered":"https:\/\/www.errebi-italy.com\/info-und-kundendienst\/"},"modified":"2024-06-21T14:24:30","modified_gmt":"2024-06-21T12:24:30","slug":"info-und-kundendienst","status":"publish","type":"page","link":"https:\/\/www.errebi-italy.com\/de\/info-und-kundendienst\/","title":{"rendered":"Info Und Kundendienst"},"content":{"rendered":"<p>[et_pb_section fb_built=&#8220;1&#8243; _builder_version=&#8220;4.16&#8243; _module_preset=&#8220;default&#8220; global_colors_info=&#8220;{}&#8220;][et_pb_row _builder_version=&#8220;4.16&#8243; _module_preset=&#8220;default&#8220; global_colors_info=&#8220;{}&#8220;][et_pb_column type=&#8220;4_4&#8243; _builder_version=&#8220;4.16&#8243; _module_preset=&#8220;default&#8220; global_colors_info=&#8220;{}&#8220;][et_pb_text _builder_version=&#8220;4.16&#8243; _module_preset=&#8220;default&#8220; text_font=&#8220;Barlow Semi Condensed|500|||||||&#8220; text_font_size=&#8220;19px&#8220; header_font=&#8220;Barlow Semi Condensed||||||||&#8220; header_2_font=&#8220;Barlow Semi Condensed||||||||&#8220; custom_margin=&#8220;||50px||false|false&#8220; global_colors_info=&#8220;{}&#8220;]<\/p>\n<h1><strong>INFO UND KUNDENDIENST<\/strong><\/h1>\n<p>F\u00fcllen Sie das untenstehende Formular aus (<strong>*<\/strong> sind Pflichtfelder) oder senden Sie eine E-Mail an <a href=\"mailto:info@errebi-italy.com\">info@errebi-italy.com<\/a> und wir werden uns so schnell wie m\u00f6glich mit Ihnen in Verbindung setzen.<\/p>\n<p>[\/et_pb_text][et_pb_contact_form use_spam_service=&#8220;on&#8220; recaptcha_list=&#8220;Default|Default-0&#8243; email=&#8220;info@errebi-italy.com&#8220; use_redirect=&#8220;on&#8220; redirect_url=&#8220;https:\/\/www.errebi-italy.com\/de\/&#8220; success_message=&#8220;Ihre Nachricht wurde erfolgreich gesendet!&#8220; submit_button_text_tablet=&#8220;&#8220; submit_button_text_phone=&#8220;&#8220; submit_button_text_last_edited=&#8220;on|desktop&#8220; _builder_version=&#8220;4.25.2&#8243; _module_preset=&#8220;default&#8220; _unique_id=&#8220;696a155e-60bd-4ef6-a330-e7e7101eea4b&#8220; form_field_text_color=&#8220;#727272&#8243; form_field_focus_background_color=&#8220;#dddddd&#8220; form_field_custom_margin=&#8220;-20px||||false|false&#8220; form_field_custom_margin_tablet=&#8220;0px||||false|false&#8220; form_field_custom_margin_phone=&#8220;&#8220; form_field_custom_margin_last_edited=&#8220;on|phone&#8220; form_field_custom_padding=&#8220;||||false|false&#8220; title_font=&#8220;Barlow Semi Condensed||||||||&#8220; captcha_font=&#8220;Barlow Semi Condensed||||||||&#8220; form_field_font=&#8220;Barlow Semi Condensed|600|||||||&#8220; form_field_font_size=&#8220;15px&#8220; custom_button=&#8220;on&#8220; button_text_size=&#8220;18px&#8220; button_text_color=&#8220;#FFFFFF&#8220; button_bg_color=&#8220;#283965&#8243; button_border_width=&#8220;3px&#8220; button_border_color=&#8220;#283965&#8243; button_border_radius=&#8220;0px&#8220; button_letter_spacing=&#8220;4px&#8220; button_font=&#8220;Open Sans|800|||||||&#8220; button_icon=&#8220;&#xe010;||divi||400&#8243; button_custom_margin=&#8220;||||false|false&#8220; button_custom_padding=&#8220;|5vw||5vw|false|true&#8220; button_custom_padding_tablet=&#8220;|7vw||7vw|false|true&#8220; button_custom_padding_phone=&#8220;|10vw||10vw|false|true&#8220; button_custom_padding_last_edited=&#8220;on|desktop&#8220; custom_margin=&#8220;||||false|false&#8220; custom_padding=&#8220;||||false|false&#8220; hover_enabled=&#8220;0&#8243; form_field_background_color_last_edited=&#8220;off|desktop&#8220; text_orientation_last_edited=&#8220;off|desktop&#8220; custom_css_main_element=&#8220;font-family: %22Barlow Semi Condensed%22, Helvetica, Arial, Lucida, sans-serif;&#8220; border_width_all=&#8220;1px&#8220; border_color_all=&#8220;#bfbfbf&#8220; global_colors_info=&#8220;{}&#8220; form_field_text_color__hover_enabled=&#8220;off|hover&#8220; form_field_background_color__hover_enabled=&#8220;on|desktop&#8220; form_field_background_color__hover=&#8220;#EDF000&#8243; button_bg_color__hover_enabled=&#8220;on|hover&#8220; button_bg_color__hover=&#8220;#4153a0&#8243; button_bg_enable_color__hover=&#8220;on&#8220; button_border_width__hover_enabled=&#8220;off|hover&#8220; button_border_color__hover_enabled=&#8220;on|hover&#8220; button_border_color__hover=&#8220;#4153a0&#8243; submit_button_text__hover_enabled=&#8220;on|desktop&#8220; sticky_enabled=&#8220;0&#8243;][et_pb_contact_field field_id=&#8220;nome&#8220; field_title=&#8220;* Vorname&#8220; _builder_version=&#8220;4.16&#8243; global_colors_info=&#8220;{}&#8220; button_text_size__hover_enabled=&#8220;off&#8220; button_one_text_size__hover_enabled=&#8220;off&#8220; button_two_text_size__hover_enabled=&#8220;off&#8220; button_text_color__hover_enabled=&#8220;off&#8220; button_one_text_color__hover_enabled=&#8220;off&#8220; button_two_text_color__hover_enabled=&#8220;off&#8220; button_border_width__hover_enabled=&#8220;off&#8220; button_one_border_width__hover_enabled=&#8220;off&#8220; button_two_border_width__hover_enabled=&#8220;off&#8220; button_border_color__hover_enabled=&#8220;off&#8220; button_one_border_color__hover_enabled=&#8220;off&#8220; button_two_border_color__hover_enabled=&#8220;off&#8220; button_border_radius__hover_enabled=&#8220;off&#8220; button_one_border_radius__hover_enabled=&#8220;off&#8220; button_two_border_radius__hover_enabled=&#8220;off&#8220; button_letter_spacing__hover_enabled=&#8220;off&#8220; button_one_letter_spacing__hover_enabled=&#8220;off&#8220; button_two_letter_spacing__hover_enabled=&#8220;off&#8220; button_bg_color__hover_enabled=&#8220;off&#8220; button_one_bg_color__hover_enabled=&#8220;off&#8220; button_two_bg_color__hover_enabled=&#8220;off&#8220;][\/et_pb_contact_field][et_pb_contact_field field_id=&#8220;azienda&#8220; field_title=&#8220;* Unternehmen&#8220; _builder_version=&#8220;4.16&#8243; global_colors_info=&#8220;{}&#8220; button_text_size__hover_enabled=&#8220;off&#8220; button_one_text_size__hover_enabled=&#8220;off&#8220; button_two_text_size__hover_enabled=&#8220;off&#8220; button_text_color__hover_enabled=&#8220;off&#8220; button_one_text_color__hover_enabled=&#8220;off&#8220; button_two_text_color__hover_enabled=&#8220;off&#8220; button_border_width__hover_enabled=&#8220;off&#8220; button_one_border_width__hover_enabled=&#8220;off&#8220; button_two_border_width__hover_enabled=&#8220;off&#8220; button_border_color__hover_enabled=&#8220;off&#8220; button_one_border_color__hover_enabled=&#8220;off&#8220; button_two_border_color__hover_enabled=&#8220;off&#8220; button_border_radius__hover_enabled=&#8220;off&#8220; button_one_border_radius__hover_enabled=&#8220;off&#8220; button_two_border_radius__hover_enabled=&#8220;off&#8220; button_letter_spacing__hover_enabled=&#8220;off&#8220; button_one_letter_spacing__hover_enabled=&#8220;off&#8220; button_two_letter_spacing__hover_enabled=&#8220;off&#8220; button_bg_color__hover_enabled=&#8220;off&#8220; button_one_bg_color__hover_enabled=&#8220;off&#8220; button_two_bg_color__hover_enabled=&#8220;off&#8220;][\/et_pb_contact_field][et_pb_contact_field field_id=&#8220;telefono&#8220; field_title=&#8220;* Telefon&#8220; _builder_version=&#8220;4.16&#8243; global_colors_info=&#8220;{}&#8220; button_text_size__hover_enabled=&#8220;off&#8220; button_one_text_size__hover_enabled=&#8220;off&#8220; button_two_text_size__hover_enabled=&#8220;off&#8220; button_text_color__hover_enabled=&#8220;off&#8220; button_one_text_color__hover_enabled=&#8220;off&#8220; button_two_text_color__hover_enabled=&#8220;off&#8220; button_border_width__hover_enabled=&#8220;off&#8220; button_one_border_width__hover_enabled=&#8220;off&#8220; button_two_border_width__hover_enabled=&#8220;off&#8220; button_border_color__hover_enabled=&#8220;off&#8220; button_one_border_color__hover_enabled=&#8220;off&#8220; button_two_border_color__hover_enabled=&#8220;off&#8220; button_border_radius__hover_enabled=&#8220;off&#8220; button_one_border_radius__hover_enabled=&#8220;off&#8220; button_two_border_radius__hover_enabled=&#8220;off&#8220; button_letter_spacing__hover_enabled=&#8220;off&#8220; button_one_letter_spacing__hover_enabled=&#8220;off&#8220; button_two_letter_spacing__hover_enabled=&#8220;off&#8220; button_bg_color__hover_enabled=&#8220;off&#8220; button_one_bg_color__hover_enabled=&#8220;off&#8220; button_two_bg_color__hover_enabled=&#8220;off&#8220;][\/et_pb_contact_field][et_pb_contact_field field_id=&#8220;whatsapp&#8220; field_title=&#8220;Whatsapp&#8220; required_mark=&#8220;off&#8220; _builder_version=&#8220;4.16&#8243; global_colors_info=&#8220;{}&#8220; button_text_size__hover_enabled=&#8220;off&#8220; button_one_text_size__hover_enabled=&#8220;off&#8220; button_two_text_size__hover_enabled=&#8220;off&#8220; button_text_color__hover_enabled=&#8220;off&#8220; button_one_text_color__hover_enabled=&#8220;off&#8220; button_two_text_color__hover_enabled=&#8220;off&#8220; button_border_width__hover_enabled=&#8220;off&#8220; button_one_border_width__hover_enabled=&#8220;off&#8220; button_two_border_width__hover_enabled=&#8220;off&#8220; button_border_color__hover_enabled=&#8220;off&#8220; button_one_border_color__hover_enabled=&#8220;off&#8220; button_two_border_color__hover_enabled=&#8220;off&#8220; button_border_radius__hover_enabled=&#8220;off&#8220; button_one_border_radius__hover_enabled=&#8220;off&#8220; button_two_border_radius__hover_enabled=&#8220;off&#8220; button_letter_spacing__hover_enabled=&#8220;off&#8220; button_one_letter_spacing__hover_enabled=&#8220;off&#8220; button_two_letter_spacing__hover_enabled=&#8220;off&#8220; button_bg_color__hover_enabled=&#8220;off&#8220; button_one_bg_color__hover_enabled=&#8220;off&#8220; button_two_bg_color__hover_enabled=&#8220;off&#8220;][\/et_pb_contact_field][et_pb_contact_field field_id=&#8220;email&#8220; field_title=&#8220;* E-Mail&#8220; field_type=&#8220;email&#8220; _builder_version=&#8220;4.16&#8243; global_colors_info=&#8220;{}&#8220; button_text_size__hover_enabled=&#8220;off&#8220; button_one_text_size__hover_enabled=&#8220;off&#8220; button_two_text_size__hover_enabled=&#8220;off&#8220; button_text_color__hover_enabled=&#8220;off&#8220; button_one_text_color__hover_enabled=&#8220;off&#8220; button_two_text_color__hover_enabled=&#8220;off&#8220; button_border_width__hover_enabled=&#8220;off&#8220; button_one_border_width__hover_enabled=&#8220;off&#8220; button_two_border_width__hover_enabled=&#8220;off&#8220; button_border_color__hover_enabled=&#8220;off&#8220; button_one_border_color__hover_enabled=&#8220;off&#8220; button_two_border_color__hover_enabled=&#8220;off&#8220; button_border_radius__hover_enabled=&#8220;off&#8220; button_one_border_radius__hover_enabled=&#8220;off&#8220; button_two_border_radius__hover_enabled=&#8220;off&#8220; button_letter_spacing__hover_enabled=&#8220;off&#8220; button_one_letter_spacing__hover_enabled=&#8220;off&#8220; button_two_letter_spacing__hover_enabled=&#8220;off&#8220; button_bg_color__hover_enabled=&#8220;off&#8220; button_one_bg_color__hover_enabled=&#8220;off&#8220; button_two_bg_color__hover_enabled=&#8220;off&#8220;][\/et_pb_contact_field][et_pb_contact_field field_id=&#8220;interesse&#8220; field_title=&#8220;Ich bin interessiert an:&#8220; field_type=&#8220;checkbox&#8220; checkbox_options=&#8220;%91{%22value%22:%22Maschine SM f\u00fcr die Produktion von Stegen%22,%22checked%22:0,%22dragID%22:-1},{%22value%22:%22Maschine RAPID f\u00fcr die Herstellung von K\u00e4figen, Kisten, Plattformen, Flanschen, Auflagen, Paletten, Z\u00e4une, Gartenelemente aus Holz und anderer nicht standardisierten Holzverpackungen%22,%22checked%22:0,%22dragID%22:0},{%22value%22:%22Maschine BRIDGE f\u00fcr die Herstellung von K\u00e4figen, Kisten, Plattformen, Flanschen, Auflagen, Paletten, Z\u00e4une, Gartenelemente aus Holz und anderer nicht standardisierten Holzverpackungen%22,%22checked%22:0,%22dragID%22:1}%93&#8243; required_mark=&#8220;off&#8220; fullwidth_field=&#8220;on&#8220; _builder_version=&#8220;4.16&#8243; _module_preset=&#8220;default&#8220; global_colors_info=&#8220;{}&#8220;][\/et_pb_contact_field][et_pb_contact_field field_id=&#8220;opzioni&#8220; field_title=&#8220;1. Optionen, die in die Planung der Anlage einzubeziehen sind:&#8220; field_type=&#8220;checkbox&#8220; checkbox_options=&#8220;%91{%22value%22:%22Bohren%22,%22checked%22:0,%22dragID%22:0},{%22value%22:%22Fr\u00e4sen%22,%22checked%22:0,%22dragID%22:1}%93&#8243; required_mark=&#8220;off&#8220; fullwidth_field=&#8220;on&#8220; _builder_version=&#8220;4.25.2&#8243; _module_preset=&#8220;default&#8220; hover_enabled=&#8220;0&#8243; text_orientation_last_edited=&#8220;off|desktop&#8220; global_colors_info=&#8220;{}&#8220; sticky_enabled=&#8220;0&#8243;][\/et_pb_contact_field][et_pb_contact_field field_id=&#8220;messaggio&#8220; field_title=&#8220;2. Suchen Sie eine spezielle L\u00f6sung? Teilen Sie uns mehr Einzelheiten dazu mit&#8220; required_mark=&#8220;off&#8220; fullwidth_field=&#8220;on&#8220; _builder_version=&#8220;4.25.2&#8243; hover_enabled=&#8220;0&#8243; global_colors_info=&#8220;{}&#8220; button_text_size__hover_enabled=&#8220;off&#8220; button_one_text_size__hover_enabled=&#8220;off&#8220; button_two_text_size__hover_enabled=&#8220;off&#8220; button_text_color__hover_enabled=&#8220;off&#8220; button_one_text_color__hover_enabled=&#8220;off&#8220; button_two_text_color__hover_enabled=&#8220;off&#8220; button_border_width__hover_enabled=&#8220;off&#8220; button_one_border_width__hover_enabled=&#8220;off&#8220; button_two_border_width__hover_enabled=&#8220;off&#8220; button_border_color__hover_enabled=&#8220;off&#8220; button_one_border_color__hover_enabled=&#8220;off&#8220; button_two_border_color__hover_enabled=&#8220;off&#8220; button_border_radius__hover_enabled=&#8220;off&#8220; button_one_border_radius__hover_enabled=&#8220;off&#8220; button_two_border_radius__hover_enabled=&#8220;off&#8220; button_letter_spacing__hover_enabled=&#8220;off&#8220; button_one_letter_spacing__hover_enabled=&#8220;off&#8220; button_two_letter_spacing__hover_enabled=&#8220;off&#8220; button_bg_color__hover_enabled=&#8220;off&#8220; button_one_bg_color__hover_enabled=&#8220;off&#8220; button_two_bg_color__hover_enabled=&#8220;off&#8220; sticky_enabled=&#8220;0&#8243;][\/et_pb_contact_field][et_pb_contact_field field_id=&#8220;agree&#8220; field_title=&#8220;EU-Verordnung GDPR 2016\/679&#8243; field_type=&#8220;checkbox&#8220; checkbox_options=&#8220;%91{%22value%22:%22Ich stimme der Verarbeitung der unter folgendem Link einsehbaren Daten zu: %22,%22checked%22:0,%22dragID%22:-1,%22link_url%22:%22https:\/\/www.errebi-italy.com\/en\/privacy-policy\/%22}%93&#8243; _builder_version=&#8220;4.16&#8243; _module_preset=&#8220;default&#8220; global_colors_info=&#8220;{}&#8220;][\/et_pb_contact_field][\/et_pb_contact_form][et_pb_text _builder_version=&#8220;4.16&#8243; _module_preset=&#8220;default&#8220; text_font=&#8220;Barlow Semi Condensed|500|||||||&#8220; text_font_size=&#8220;19px&#8220; header_font=&#8220;Barlow Semi Condensed||||||||&#8220; header_2_font=&#8220;Barlow Semi Condensed||||||||&#8220; custom_margin=&#8220;40px||||false|false&#8220; global_colors_info=&#8220;{}&#8220;]<\/p>\n<h1><strong>KUNDENDIENST<\/strong><\/h1>\n<p>Unsere Maschinen sind einfach zu warten und bedienerfreundlich.<\/p>\n<p>Unsere Konstruktionsprinzipien und die Fachkompetenz unseres technischen Fernservice erm\u00f6glichen die Nutzung unserer Technologie auf allen f\u00fcnf Kontinenten.<\/p>\n<p>[\/et_pb_text][\/et_pb_column][\/et_pb_row][\/et_pb_section]<\/p>\n","protected":false},"excerpt":{"rendered":"<p>INFO UND KUNDENDIENST F\u00fcllen Sie das untenstehende Formular aus (* sind Pflichtfelder) oder senden Sie eine E-Mail an info@errebi-italy.com und wir werden uns so schnell wie m\u00f6glich mit Ihnen in Verbindung setzen.KUNDENDIENST Unsere Maschinen sind einfach zu warten und bedienerfreundlich. Unsere Konstruktionsprinzipien und die Fachkompetenz unseres technischen Fernservice erm\u00f6glichen die Nutzung unserer Technologie auf allen [&hellip;]<\/p>\n","protected":false},"author":1,"featured_media":0,"parent":0,"menu_order":0,"comment_status":"closed","ping_status":"closed","template":"","meta":{"_et_pb_use_builder":"on","_et_pb_old_content":"","_et_gb_content_width":"","footnotes":""},"class_list":["post-240823","page","type-page","status-publish","hentry"],"yoast_head":"<!-- This site is optimized with the Yoast SEO plugin v27.0 - https:\/\/yoast.com\/product\/yoast-seo-wordpress\/ -->\n<title>Info Und Kundendienst &#187; ERREBI Wood Working Machines<\/title>\n<meta name=\"robots\" content=\"index, follow, max-snippet:-1, max-image-preview:large, max-video-preview:-1\" \/>\n<link rel=\"canonical\" href=\"https:\/\/www.errebi-italy.com\/de\/info-und-kundendienst\/\" \/>\n<meta property=\"og:locale\" content=\"de_DE\" \/>\n<meta property=\"og:type\" content=\"article\" \/>\n<meta property=\"og:title\" content=\"Info Und Kundendienst &#187; ERREBI Wood Working Machines\" \/>\n<meta property=\"og:description\" content=\"INFO UND KUNDENDIENST F\u00fcllen Sie das untenstehende Formular aus (* sind Pflichtfelder) oder senden Sie eine E-Mail an info@errebi-italy.com und wir werden uns so schnell wie m\u00f6glich mit Ihnen in Verbindung setzen.KUNDENDIENST Unsere Maschinen sind einfach zu warten und bedienerfreundlich. Unsere Konstruktionsprinzipien und die Fachkompetenz unseres technischen Fernservice erm\u00f6glichen die Nutzung unserer Technologie auf allen [&hellip;]\" \/>\n<meta property=\"og:url\" content=\"https:\/\/www.errebi-italy.com\/de\/info-und-kundendienst\/\" \/>\n<meta property=\"og:site_name\" content=\"ERREBI Wood Working Machines\" \/>\n<meta property=\"article:modified_time\" content=\"2024-06-21T12:24:30+00:00\" \/>\n<meta name=\"twitter:card\" content=\"summary_large_image\" \/>\n<meta name=\"twitter:label1\" content=\"Gesch\u00e4tzte Lesezeit\" \/>\n\t<meta name=\"twitter:data1\" content=\"9\u00a0Minuten\" \/>\n<script type=\"application\/ld+json\" class=\"yoast-schema-graph\">{\"@context\":\"https:\/\/schema.org\",\"@graph\":[{\"@type\":\"WebPage\",\"@id\":\"https:\/\/www.errebi-italy.com\/de\/info-und-kundendienst\/\",\"url\":\"https:\/\/www.errebi-italy.com\/de\/info-und-kundendienst\/\",\"name\":\"Info Und Kundendienst &#187; ERREBI Wood Working Machines\",\"isPartOf\":{\"@id\":\"https:\/\/www.errebi-italy.com\/de\/#website\"},\"datePublished\":\"2021-06-11T19:55:13+00:00\",\"dateModified\":\"2024-06-21T12:24:30+00:00\",\"breadcrumb\":{\"@id\":\"https:\/\/www.errebi-italy.com\/de\/info-und-kundendienst\/#breadcrumb\"},\"inLanguage\":\"de\",\"potentialAction\":[{\"@type\":\"ReadAction\",\"target\":[\"https:\/\/www.errebi-italy.com\/de\/info-und-kundendienst\/\"]}]},{\"@type\":\"BreadcrumbList\",\"@id\":\"https:\/\/www.errebi-italy.com\/de\/info-und-kundendienst\/#breadcrumb\",\"itemListElement\":[{\"@type\":\"ListItem\",\"position\":1,\"name\":\"Home\",\"item\":\"https:\/\/www.errebi-italy.com\/de\/\"},{\"@type\":\"ListItem\",\"position\":2,\"name\":\"Info Und Kundendienst\"}]},{\"@type\":\"WebSite\",\"@id\":\"https:\/\/www.errebi-italy.com\/de\/#website\",\"url\":\"https:\/\/www.errebi-italy.com\/de\/\",\"name\":\"ERREBI Wood Working Machines\",\"description\":\"Errebi\",\"publisher\":{\"@id\":\"https:\/\/www.errebi-italy.com\/de\/#organization\"},\"potentialAction\":[{\"@type\":\"SearchAction\",\"target\":{\"@type\":\"EntryPoint\",\"urlTemplate\":\"https:\/\/www.errebi-italy.com\/de\/?s={search_term_string}\"},\"query-input\":{\"@type\":\"PropertyValueSpecification\",\"valueRequired\":true,\"valueName\":\"search_term_string\"}}],\"inLanguage\":\"de\"},{\"@type\":\"Organization\",\"@id\":\"https:\/\/www.errebi-italy.com\/de\/#organization\",\"name\":\"ERREBI Wood Working Machines\",\"url\":\"https:\/\/www.errebi-italy.com\/de\/\",\"logo\":{\"@type\":\"ImageObject\",\"inLanguage\":\"de\",\"@id\":\"https:\/\/www.errebi-italy.com\/de\/#\/schema\/logo\/image\/\",\"url\":\"https:\/\/www.errebi-italy.com\/wp-content\/uploads\/2021\/03\/Logo-Errebi_400.png\",\"contentUrl\":\"https:\/\/www.errebi-italy.com\/wp-content\/uploads\/2021\/03\/Logo-Errebi_400.png\",\"width\":400,\"height\":156,\"caption\":\"ERREBI Wood Working Machines\"},\"image\":{\"@id\":\"https:\/\/www.errebi-italy.com\/de\/#\/schema\/logo\/image\/\"},\"sameAs\":[\"https:\/\/www.linkedin.com\/in\/errebi-srl-b7046a209\/\",\"https:\/\/www.youtube.com\/channel\/UCglRcAaFV6Q3_HA4NbEtLig\"]}]}<\/script>\n<!-- \/ Yoast SEO plugin. -->","yoast_head_json":{"title":"Info Und Kundendienst &#187; ERREBI Wood Working Machines","robots":{"index":"index","follow":"follow","max-snippet":"max-snippet:-1","max-image-preview":"max-image-preview:large","max-video-preview":"max-video-preview:-1"},"canonical":"https:\/\/www.errebi-italy.com\/de\/info-und-kundendienst\/","og_locale":"de_DE","og_type":"article","og_title":"Info Und Kundendienst &#187; ERREBI Wood Working Machines","og_description":"INFO UND KUNDENDIENST F\u00fcllen Sie das untenstehende Formular aus (* sind Pflichtfelder) oder senden Sie eine E-Mail an info@errebi-italy.com und wir werden uns so schnell wie m\u00f6glich mit Ihnen in Verbindung setzen.KUNDENDIENST Unsere Maschinen sind einfach zu warten und bedienerfreundlich. Unsere Konstruktionsprinzipien und die Fachkompetenz unseres technischen Fernservice erm\u00f6glichen die Nutzung unserer Technologie auf allen [&hellip;]","og_url":"https:\/\/www.errebi-italy.com\/de\/info-und-kundendienst\/","og_site_name":"ERREBI Wood Working Machines","article_modified_time":"2024-06-21T12:24:30+00:00","twitter_card":"summary_large_image","twitter_misc":{"Gesch\u00e4tzte Lesezeit":"9\u00a0Minuten"},"schema":{"@context":"https:\/\/schema.org","@graph":[{"@type":"WebPage","@id":"https:\/\/www.errebi-italy.com\/de\/info-und-kundendienst\/","url":"https:\/\/www.errebi-italy.com\/de\/info-und-kundendienst\/","name":"Info Und Kundendienst &#187; ERREBI Wood Working Machines","isPartOf":{"@id":"https:\/\/www.errebi-italy.com\/de\/#website"},"datePublished":"2021-06-11T19:55:13+00:00","dateModified":"2024-06-21T12:24:30+00:00","breadcrumb":{"@id":"https:\/\/www.errebi-italy.com\/de\/info-und-kundendienst\/#breadcrumb"},"inLanguage":"de","potentialAction":[{"@type":"ReadAction","target":["https:\/\/www.errebi-italy.com\/de\/info-und-kundendienst\/"]}]},{"@type":"BreadcrumbList","@id":"https:\/\/www.errebi-italy.com\/de\/info-und-kundendienst\/#breadcrumb","itemListElement":[{"@type":"ListItem","position":1,"name":"Home","item":"https:\/\/www.errebi-italy.com\/de\/"},{"@type":"ListItem","position":2,"name":"Info Und Kundendienst"}]},{"@type":"WebSite","@id":"https:\/\/www.errebi-italy.com\/de\/#website","url":"https:\/\/www.errebi-italy.com\/de\/","name":"ERREBI Wood Working Machines","description":"Errebi","publisher":{"@id":"https:\/\/www.errebi-italy.com\/de\/#organization"},"potentialAction":[{"@type":"SearchAction","target":{"@type":"EntryPoint","urlTemplate":"https:\/\/www.errebi-italy.com\/de\/?s={search_term_string}"},"query-input":{"@type":"PropertyValueSpecification","valueRequired":true,"valueName":"search_term_string"}}],"inLanguage":"de"},{"@type":"Organization","@id":"https:\/\/www.errebi-italy.com\/de\/#organization","name":"ERREBI Wood Working Machines","url":"https:\/\/www.errebi-italy.com\/de\/","logo":{"@type":"ImageObject","inLanguage":"de","@id":"https:\/\/www.errebi-italy.com\/de\/#\/schema\/logo\/image\/","url":"https:\/\/www.errebi-italy.com\/wp-content\/uploads\/2021\/03\/Logo-Errebi_400.png","contentUrl":"https:\/\/www.errebi-italy.com\/wp-content\/uploads\/2021\/03\/Logo-Errebi_400.png","width":400,"height":156,"caption":"ERREBI Wood Working Machines"},"image":{"@id":"https:\/\/www.errebi-italy.com\/de\/#\/schema\/logo\/image\/"},"sameAs":["https:\/\/www.linkedin.com\/in\/errebi-srl-b7046a209\/","https:\/\/www.youtube.com\/channel\/UCglRcAaFV6Q3_HA4NbEtLig"]}]}},"_links":{"self":[{"href":"https:\/\/www.errebi-italy.com\/de\/wp-json\/wp\/v2\/pages\/240823","targetHints":{"allow":["GET"]}}],"collection":[{"href":"https:\/\/www.errebi-italy.com\/de\/wp-json\/wp\/v2\/pages"}],"about":[{"href":"https:\/\/www.errebi-italy.com\/de\/wp-json\/wp\/v2\/types\/page"}],"author":[{"embeddable":true,"href":"https:\/\/www.errebi-italy.com\/de\/wp-json\/wp\/v2\/users\/1"}],"replies":[{"embeddable":true,"href":"https:\/\/www.errebi-italy.com\/de\/wp-json\/wp\/v2\/comments?post=240823"}],"version-history":[{"count":17,"href":"https:\/\/www.errebi-italy.com\/de\/wp-json\/wp\/v2\/pages\/240823\/revisions"}],"predecessor-version":[{"id":241979,"href":"https:\/\/www.errebi-italy.com\/de\/wp-json\/wp\/v2\/pages\/240823\/revisions\/241979"}],"wp:attachment":[{"href":"https:\/\/www.errebi-italy.com\/de\/wp-json\/wp\/v2\/media?parent=240823"}],"curies":[{"name":"wp","href":"https:\/\/api.w.org\/{rel}","templated":true}]}}